{"id":11618,"date":"2024-03-12T18:15:54","date_gmt":"2024-03-12T11:15:54","guid":{"rendered":"https:\/\/mayshow.vn\/?page_id=11618"},"modified":"2025-04-02T09:05:28","modified_gmt":"2025-04-02T02:05:28","slug":"mua-ve","status":"publish","type":"page","link":"https:\/\/mayshow.vn\/en\/mua-ve\/","title":{"rendered":"Booking"},"content":{"rendered":"<div data-elementor-type=\"wp-page\" data-elementor-id=\"11618\" class=\"elementor elementor-11618\">\n\t\t\t\t\t\t<section class=\"elementor-section elementor-top-section elementor-element elementor-element-106fa41 elementor-section-boxed elementor-section-height-default elementor-section-height-default\" data-id=\"106fa41\" data-element_type=\"section\">\n\t\t\t\t\t\t<div class=\"elementor-container elementor-column-gap-default\">\n\t\t\t\t\t<div class=\"elementor-column elementor-col-100 elementor-top-column elementor-element elementor-element-6c69bd0\" data-id=\"6c69bd0\" data-element_type=\"column\">\n\t\t\t<div class=\"elementor-widget-wrap elementor-element-populated\">\n\t\t\t\t\t\t<div class=\"elementor-element elementor-element-f3079f7 elementor-widget elementor-widget-text-editor\" data-id=\"f3079f7\" data-element_type=\"widget\" data-widget_type=\"text-editor.default\">\n\t\t\t\t<div class=\"elementor-widget-container\">\n\t\t\t\t\t\t\t\t\t<h3>Follow MAY's Itinerary Here, Dear 'Merchants'!<\/h3>\t\t\t\t\t\t\t\t<\/div>\n\t\t\t\t<\/div>\n\t\t\t\t\t<\/div>\n\t\t<\/div>\n\t\t\t\t\t<\/div>\n\t\t<\/section>\n\t\t\t\t<section class=\"elementor-section elementor-top-section elementor-element elementor-element-c670d7c elementor-section-boxed elementor-section-height-default elementor-section-height-default\" data-id=\"c670d7c\" data-element_type=\"section\">\n\t\t\t\t\t\t<div class=\"elementor-container elementor-column-gap-default\">\n\t\t\t\t\t<div class=\"elementor-column elementor-col-100 elementor-top-column elementor-element elementor-element-c28375f\" data-id=\"c28375f\" data-element_type=\"column\">\n\t\t\t<div class=\"elementor-widget-wrap elementor-element-populated\">\n\t\t\t\t\t\t<div class=\"elementor-element elementor-element-1b2a2d3 elementor-widget elementor-widget-ova_event_grid\" data-id=\"1b2a2d3\" data-element_type=\"widget\" data-widget_type=\"ova_event_grid.default\">\n\t\t\t\t<div class=\"elementor-widget-container\">\n\t\t\t\t\t\n<div class=\"ova-event-grid\">\n\t\t\t<div class=\"ova__fillter_wrap main__clipper\">\n\t\t\t<div class=\"el-button-filter main__scroller\">\n\t\t\t\t\t\t\t\t\t<button data-type=\"type2\" data-filter=\"all\" data-order=\"ASC\" data-orderby=\"date\"  data-term_id_filter_string=\"49\" data-number_post=\"5\" data-column='three_column' data-status=\"upcoming_selling\" class=\"second_font\" >\n\t\t\t\t\t\tAll\t\t\t\t\t<\/button>\n\t\t\t\t\t\t\t\t\t\t<button data-type=\"type2\" data-filter=\"49\" data-order=\"ASC\" data-orderby=\"date\"  data-term_id_filter_string=\"49\" data-number_post=\"5\" data-column='three_column' data-status=\"upcoming_selling\" class=\"second_font\" \n\t\t\t\t\t\t\t>\n\t\t\t\t\t\t\tFestival\t\t\t\t\t\t<\/button>\n\t\t\t\t\t\t\t\t\t<\/div>\n\t\t\t<div class=\"main__bar\"><\/div>\n\t\t<\/div>\n\t\t\t\n\t<ul class=\"event_archive type2 three_column\" >\n\t\t<div class=\"wrap_loader\">\n\t\t\t<svg class=\"loader\" width=\"50\" height=\"50\">\n\t\t\t\t<circle cx=\"25\" cy=\"25\" r=\"10\" stroke=\"#a1a1a1\"\/>\n\t\t\t\t<circle cx=\"25\" cy=\"25\" r=\"20\" stroke=\"#a1a1a1\"\/>\n\t\t\t<\/svg>\n\t\t<\/div>\n\t\t\t\t\t<h3 class=\"event-notfound\">Event not found<\/h3>\n\t\t\t\t<\/ul>\n<\/div>\t\t\t\t<\/div>\n\t\t\t\t<\/div>\n\t\t\t\t\t<\/div>\n\t\t<\/div>\n\t\t\t\t\t<\/div>\n\t\t<\/section>\n\t\t\t\t<\/div>","protected":false},"excerpt":{"rendered":"<p>C\u00f9ng theo d\u00f5i l\u1ecbch tr\u00ecnh c\u1ee7a MAY t\u1ea1i \u0111\u00e2y c\u00e1c &#8220;Th\u01b0\u01a1ng Nh\u00e2n&#8221; nh\u00e9! All \u00c2m nh\u1ea1c Festival Festival \u0110\u00f4ng giao May h\u1ed9i &#8211; Ng\u00e0y 1: Khai H\u1ed9i Ninh B\u00ecnh T6, 15\/11\/2024, 00:00 Chi ti\u1ebft Festival \u0110\u00f4ng giao May h\u1ed9i &#8211; Ng\u00e0y 2: May H\u1ed9i Ninh B\u00ecnh T7, 16\/11\/2024, 00:00 Chi ti\u1ebft Festival \u0110\u00f4ng giao May [&hellip;]<\/p>","protected":false},"author":2,"featured_media":25589,"parent":0,"menu_order":0,"comment_status":"closed","ping_status":"closed","template":"elementor_header_footer","meta":{"footnotes":""},"class_list":["post-11618","page","type-page","status-publish","has-post-thumbnail","hentry"],"yoast_head":"<!-- This site is optimized with the Yoast SEO plugin v24.7 - https:\/\/yoast.com\/wordpress\/plugins\/seo\/ -->\n<title>Mua v\u00e9 - May Heritage<\/title>\n<meta name=\"description\" content=\"C\u00f9ng MAY Heritage kh\u00e1m ph\u00e1 h\u00e0nh tr\u00ecnh s\u00e1ng t\u1ea1o ngh\u1ec7 thu\u1eadt nh\u1eb1m b\u1ea3o t\u1ed3n, lan t\u1ecfa v\u00e0 ph\u00e1t tri\u1ec3n c\u00e1c gi\u00e1 tr\u1ecb v\u0103n h\u00f3a, di s\u1ea3n c\u1ee7a Vi\u1ec7t Nam\" \/>\n<meta name=\"robots\" content=\"index, follow, max-snippet:-1, max-image-preview:large, max-video-preview:-1\" \/>\n<link rel=\"canonical\" href=\"https:\/\/mayshow.vn\/en\/mua-ve\/\" \/>\n<meta property=\"og:locale\" content=\"en_US\" \/>\n<meta property=\"og:type\" content=\"article\" \/>\n<meta property=\"og:title\" content=\"Mua v\u00e9 s\u1ef1 ki\u1ec7n May Heritage\" \/>\n<meta property=\"og:description\" content=\"C\u00f9ng MAY Heritage kh\u00e1m ph\u00e1 h\u00e0nh tr\u00ecnh s\u00e1ng t\u1ea1o ngh\u1ec7 thu\u1eadt nh\u1eb1m b\u1ea3o t\u1ed3n, lan t\u1ecfa v\u00e0 ph\u00e1t tri\u1ec3n c\u00e1c gi\u00e1 tr\u1ecb v\u0103n h\u00f3a, di s\u1ea3n c\u1ee7a Vi\u1ec7t Nam\" \/>\n<meta property=\"og:url\" content=\"https:\/\/mayshow.vn\/en\/mua-ve\/\" \/>\n<meta property=\"og:site_name\" content=\"MAY Heritage\" \/>\n<meta property=\"article:publisher\" content=\"https:\/\/www.facebook.com\/mayheritagevn\" \/>\n<meta property=\"article:modified_time\" content=\"2025-04-02T02:05:28+00:00\" \/>\n<meta property=\"og:image\" content=\"https:\/\/mayshow.vn\/wp-content\/uploads\/2025\/03\/AVT-2-2.jpg\" \/>\n\t<meta property=\"og:image:width\" content=\"512\" \/>\n\t<meta property=\"og:image:height\" content=\"512\" \/>\n\t<meta property=\"og:image:type\" content=\"image\/jpeg\" \/>\n<meta name=\"twitter:card\" content=\"summary_large_image\" \/>\n<meta name=\"twitter:label1\" content=\"Est. reading time\" \/>\n\t<meta name=\"twitter:data1\" content=\"2 minutes\" \/>\n<script type=\"application\/ld+json\" class=\"yoast-schema-graph\">{\"@context\":\"https:\/\/schema.org\",\"@graph\":[{\"@type\":\"WebPage\",\"@id\":\"https:\/\/mayshow.vn\/mua-ve\/\",\"url\":\"https:\/\/mayshow.vn\/mua-ve\/\",\"name\":\"Mua v\u00e9 - May Heritage\",\"isPartOf\":{\"@id\":\"https:\/\/mayshow.vn\/#website\"},\"primaryImageOfPage\":{\"@id\":\"https:\/\/mayshow.vn\/mua-ve\/#primaryimage\"},\"image\":{\"@id\":\"https:\/\/mayshow.vn\/mua-ve\/#primaryimage\"},\"thumbnailUrl\":\"https:\/\/mayshow.vn\/wp-content\/uploads\/2025\/03\/NON-LA-FESTIVAL-KV-2-1.jpg\",\"datePublished\":\"2024-03-12T11:15:54+00:00\",\"dateModified\":\"2025-04-02T02:05:28+00:00\",\"description\":\"C\u00f9ng MAY Heritage kh\u00e1m ph\u00e1 h\u00e0nh tr\u00ecnh s\u00e1ng t\u1ea1o ngh\u1ec7 thu\u1eadt nh\u1eb1m b\u1ea3o t\u1ed3n, lan t\u1ecfa v\u00e0 ph\u00e1t tri\u1ec3n c\u00e1c gi\u00e1 tr\u1ecb v\u0103n h\u00f3a, di s\u1ea3n c\u1ee7a Vi\u1ec7t Nam\",\"breadcrumb\":{\"@id\":\"https:\/\/mayshow.vn\/mua-ve\/#breadcrumb\"},\"inLanguage\":\"en-US\",\"potentialAction\":[{\"@type\":\"ReadAction\",\"target\":[\"https:\/\/mayshow.vn\/mua-ve\/\"]}]},{\"@type\":\"ImageObject\",\"inLanguage\":\"en-US\",\"@id\":\"https:\/\/mayshow.vn\/mua-ve\/#primaryimage\",\"url\":\"https:\/\/mayshow.vn\/wp-content\/uploads\/2025\/03\/NON-LA-FESTIVAL-KV-2-1.jpg\",\"contentUrl\":\"https:\/\/mayshow.vn\/wp-content\/uploads\/2025\/03\/NON-LA-FESTIVAL-KV-2-1.jpg\",\"width\":450,\"height\":226},{\"@type\":\"BreadcrumbList\",\"@id\":\"https:\/\/mayshow.vn\/mua-ve\/#breadcrumb\",\"itemListElement\":[{\"@type\":\"ListItem\",\"position\":1,\"name\":\"Trang ch\u1ee7\",\"item\":\"https:\/\/mayshow.vn\/\"},{\"@type\":\"ListItem\",\"position\":2,\"name\":\"Mua v\u00e9\"}]},{\"@type\":\"WebSite\",\"@id\":\"https:\/\/mayshow.vn\/#website\",\"url\":\"https:\/\/mayshow.vn\/\",\"name\":\"MAY Heritage\",\"description\":\"Chu\u1ed7i ch\u01b0\u01a1ng tr\u00ecnh tr\u1ea3i nghi\u1ec7m \u00c2m Nh\u1ea1c - V\u0103n H\u00f3a - Du L\u1ecbch\",\"publisher\":{\"@id\":\"https:\/\/mayshow.vn\/#organization\"},\"potentialAction\":[{\"@type\":\"SearchAction\",\"target\":{\"@type\":\"EntryPoint\",\"urlTemplate\":\"https:\/\/mayshow.vn\/?s={search_term_string}\"},\"query-input\":{\"@type\":\"PropertyValueSpecification\",\"valueRequired\":true,\"valueName\":\"search_term_string\"}}],\"inLanguage\":\"en-US\"},{\"@type\":\"Organization\",\"@id\":\"https:\/\/mayshow.vn\/#organization\",\"name\":\"MAY Heritage\",\"url\":\"https:\/\/mayshow.vn\/\",\"logo\":{\"@type\":\"ImageObject\",\"inLanguage\":\"en-US\",\"@id\":\"https:\/\/mayshow.vn\/#\/schema\/logo\/image\/\",\"url\":\"https:\/\/mayshow.vn\/wp-content\/uploads\/2025\/03\/AVT-2_resize.jpg\",\"contentUrl\":\"https:\/\/mayshow.vn\/wp-content\/uploads\/2025\/03\/AVT-2_resize.jpg\",\"width\":450,\"height\":209,\"caption\":\"MAY Heritage\"},\"image\":{\"@id\":\"https:\/\/mayshow.vn\/#\/schema\/logo\/image\/\"},\"sameAs\":[\"https:\/\/www.facebook.com\/mayheritagevn\",\"https:\/\/www.tiktok.com\/@mayshow.vn\"]}]}<\/script>\n<!-- \/ Yoast SEO plugin. -->","yoast_head_json":{"title":"Mua v\u00e9 - May Heritage","description":"C\u00f9ng MAY Heritage kh\u00e1m ph\u00e1 h\u00e0nh tr\u00ecnh s\u00e1ng t\u1ea1o ngh\u1ec7 thu\u1eadt nh\u1eb1m b\u1ea3o t\u1ed3n, lan t\u1ecfa v\u00e0 ph\u00e1t tri\u1ec3n c\u00e1c gi\u00e1 tr\u1ecb v\u0103n h\u00f3a, di s\u1ea3n c\u1ee7a Vi\u1ec7t Nam","robots":{"index":"index","follow":"follow","max-snippet":"max-snippet:-1","max-image-preview":"max-image-preview:large","max-video-preview":"max-video-preview:-1"},"canonical":"https:\/\/mayshow.vn\/en\/mua-ve\/","og_locale":"en_US","og_type":"article","og_title":"Mua v\u00e9 s\u1ef1 ki\u1ec7n May Heritage","og_description":"C\u00f9ng MAY Heritage kh\u00e1m ph\u00e1 h\u00e0nh tr\u00ecnh s\u00e1ng t\u1ea1o ngh\u1ec7 thu\u1eadt nh\u1eb1m b\u1ea3o t\u1ed3n, lan t\u1ecfa v\u00e0 ph\u00e1t tri\u1ec3n c\u00e1c gi\u00e1 tr\u1ecb v\u0103n h\u00f3a, di s\u1ea3n c\u1ee7a Vi\u1ec7t Nam","og_url":"https:\/\/mayshow.vn\/en\/mua-ve\/","og_site_name":"MAY Heritage","article_publisher":"https:\/\/www.facebook.com\/mayheritagevn","article_modified_time":"2025-04-02T02:05:28+00:00","og_image":[{"width":512,"height":512,"url":"https:\/\/mayshow.vn\/wp-content\/uploads\/2025\/03\/AVT-2-2.jpg","type":"image\/jpeg"}],"twitter_card":"summary_large_image","twitter_misc":{"Est. reading time":"2 minutes"},"schema":{"@context":"https:\/\/schema.org","@graph":[{"@type":"WebPage","@id":"https:\/\/mayshow.vn\/mua-ve\/","url":"https:\/\/mayshow.vn\/mua-ve\/","name":"Mua v\u00e9 - May Heritage","isPartOf":{"@id":"https:\/\/mayshow.vn\/#website"},"primaryImageOfPage":{"@id":"https:\/\/mayshow.vn\/mua-ve\/#primaryimage"},"image":{"@id":"https:\/\/mayshow.vn\/mua-ve\/#primaryimage"},"thumbnailUrl":"https:\/\/mayshow.vn\/wp-content\/uploads\/2025\/03\/NON-LA-FESTIVAL-KV-2-1.jpg","datePublished":"2024-03-12T11:15:54+00:00","dateModified":"2025-04-02T02:05:28+00:00","description":"C\u00f9ng MAY Heritage kh\u00e1m ph\u00e1 h\u00e0nh tr\u00ecnh s\u00e1ng t\u1ea1o ngh\u1ec7 thu\u1eadt nh\u1eb1m b\u1ea3o t\u1ed3n, lan t\u1ecfa v\u00e0 ph\u00e1t tri\u1ec3n c\u00e1c gi\u00e1 tr\u1ecb v\u0103n h\u00f3a, di s\u1ea3n c\u1ee7a Vi\u1ec7t Nam","breadcrumb":{"@id":"https:\/\/mayshow.vn\/mua-ve\/#breadcrumb"},"inLanguage":"en-US","potentialAction":[{"@type":"ReadAction","target":["https:\/\/mayshow.vn\/mua-ve\/"]}]},{"@type":"ImageObject","inLanguage":"en-US","@id":"https:\/\/mayshow.vn\/mua-ve\/#primaryimage","url":"https:\/\/mayshow.vn\/wp-content\/uploads\/2025\/03\/NON-LA-FESTIVAL-KV-2-1.jpg","contentUrl":"https:\/\/mayshow.vn\/wp-content\/uploads\/2025\/03\/NON-LA-FESTIVAL-KV-2-1.jpg","width":450,"height":226},{"@type":"BreadcrumbList","@id":"https:\/\/mayshow.vn\/mua-ve\/#breadcrumb","itemListElement":[{"@type":"ListItem","position":1,"name":"Trang ch\u1ee7","item":"https:\/\/mayshow.vn\/"},{"@type":"ListItem","position":2,"name":"Mua v\u00e9"}]},{"@type":"WebSite","@id":"https:\/\/mayshow.vn\/#website","url":"https:\/\/mayshow.vn\/","name":"MAY Heritage","description":"Chu\u1ed7i ch\u01b0\u01a1ng tr\u00ecnh tr\u1ea3i nghi\u1ec7m \u00c2m Nh\u1ea1c - V\u0103n H\u00f3a - Du L\u1ecbch","publisher":{"@id":"https:\/\/mayshow.vn\/#organization"},"potentialAction":[{"@type":"SearchAction","target":{"@type":"EntryPoint","urlTemplate":"https:\/\/mayshow.vn\/?s={search_term_string}"},"query-input":{"@type":"PropertyValueSpecification","valueRequired":true,"valueName":"search_term_string"}}],"inLanguage":"en-US"},{"@type":"Organization","@id":"https:\/\/mayshow.vn\/#organization","name":"MAY Heritage","url":"https:\/\/mayshow.vn\/","logo":{"@type":"ImageObject","inLanguage":"en-US","@id":"https:\/\/mayshow.vn\/#\/schema\/logo\/image\/","url":"https:\/\/mayshow.vn\/wp-content\/uploads\/2025\/03\/AVT-2_resize.jpg","contentUrl":"https:\/\/mayshow.vn\/wp-content\/uploads\/2025\/03\/AVT-2_resize.jpg","width":450,"height":209,"caption":"MAY Heritage"},"image":{"@id":"https:\/\/mayshow.vn\/#\/schema\/logo\/image\/"},"sameAs":["https:\/\/www.facebook.com\/mayheritagevn","https:\/\/www.tiktok.com\/@mayshow.vn"]}]}},"_links":{"self":[{"href":"https:\/\/mayshow.vn\/en\/wp-json\/wp\/v2\/pages\/11618","targetHints":{"allow":["GET"]}}],"collection":[{"href":"https:\/\/mayshow.vn\/en\/wp-json\/wp\/v2\/pages"}],"about":[{"href":"https:\/\/mayshow.vn\/en\/wp-json\/wp\/v2\/types\/page"}],"author":[{"embeddable":true,"href":"https:\/\/mayshow.vn\/en\/wp-json\/wp\/v2\/users\/2"}],"replies":[{"embeddable":true,"href":"https:\/\/mayshow.vn\/en\/wp-json\/wp\/v2\/comments?post=11618"}],"version-history":[{"count":38,"href":"https:\/\/mayshow.vn\/en\/wp-json\/wp\/v2\/pages\/11618\/revisions"}],"predecessor-version":[{"id":24027,"href":"https:\/\/mayshow.vn\/en\/wp-json\/wp\/v2\/pages\/11618\/revisions\/24027"}],"wp:featuredmedia":[{"embeddable":true,"href":"https:\/\/mayshow.vn\/en\/wp-json\/wp\/v2\/media\/25589"}],"wp:attachment":[{"href":"https:\/\/mayshow.vn\/en\/wp-json\/wp\/v2\/media?parent=11618"}],"curies":[{"name":"wp","href":"https:\/\/api.w.org\/{rel}","templated":true}]}}