{"id":334,"date":"2019-07-02T09:38:45","date_gmt":"2019-07-02T09:38:45","guid":{"rendered":"https:\/\/mayshow.vn\/member-register\/"},"modified":"2025-04-02T09:32:05","modified_gmt":"2025-04-02T02:32:05","slug":"dang-ky","status":"publish","type":"page","link":"https:\/\/mayshow.vn\/en\/dang-ky\/","title":{"rendered":"\u0110\u0103ng k\u00fd"},"content":{"rendered":"<div data-elementor-type=\"wp-post\" data-elementor-id=\"334\" class=\"elementor elementor-334\">\n\t\t\t\t\t\t<section class=\"elementor-section elementor-top-section elementor-element elementor-element-20adf605 elementor-section-boxed elementor-section-height-default elementor-section-height-default\" data-id=\"20adf605\" data-element_type=\"section\">\n\t\t\t\t\t\t<div class=\"elementor-container elementor-column-gap-default\">\n\t\t\t\t\t<div class=\"elementor-column elementor-col-100 elementor-top-column elementor-element elementor-element-7059da6c\" data-id=\"7059da6c\" data-element_type=\"column\">\n\t\t\t<div class=\"elementor-widget-wrap elementor-element-populated\">\n\t\t\t\t\t\t<div class=\"elementor-element elementor-element-21261d25 elementor-widget elementor-widget-shortcode\" data-id=\"21261d25\" data-element_type=\"widget\" data-widget_type=\"shortcode.default\">\n\t\t\t\t<div class=\"elementor-widget-container\">\n\t\t\t\t\t\t\t<div class=\"elementor-shortcode\">\n\n<div id=\"register-form\" class=\"widecolumn ova_register_user\">\n\n\t\n\t<h3 class=\"title\">Register User<\/h3>\n\t\n\t<form id=\"signupform\" action=\"https:\/\/mayshow.vn\/wp-login.php?action=register\" method=\"post\" enctype=\"multipart\/form-data\">\n\n\t\t\t\t\t<div class=\"ova_field_wrap\">\n\t\t\t\t<p class=\"form-row ova-user-icon\">\n\t\t\t\t\t<input placeholder=\"First name\" type=\"text\" name=\"first_name\" id=\"first-name\" class=\"default_field\"\n\t\t\t\t\tdata-msg=\"Please enter First name.\"\n\t\t\t\t\tdata-invalid=\"The first name is invalid.\"\n\t\t\t\t\t>\n\t\t\t\t<\/p>\n\t\t\t\t<span class=\"text-err\"><\/span>\n\t\t\t<\/div>\n\t\t\n\t\t<div class=\"ova_field_wrap\">\n\t\t\t<p class=\"form-row ova-email-icon\">\n\t\t\t\t<input placeholder=\"Email *\" type=\"text\" name=\"email\" id=\"email\" class=\"default_field required\" data-msg=\"Please enter an email address.\" data-invalid=\"Please enter a valid email address.\">\n\t\t\t<\/p>\n\t\t\t<span class=\"text-err\"><\/span>\n\t\t<\/div>\n\n\t\t\n\t\t\n\t\t\t\t\t<div class=\"ova_field_wrap\">\n\t\t\t\t<p class=\"form-row ova-phone-icon\">\n\t\t\t\t\t<input \n\t\t\t\t\t\tplaceholder=\"Phone\" \n\t\t\t\t\t\ttype=\"text\" name=\"user_phone\" \n\t\t\t\t\t\tid=\"user_phone\" \n\t\t\t\t\t\tclass=\"default_field\"\n\t\t\t\t\t\tdata-msg=\"Please enter Phone.\"\n\t\t\t\t\t\tdata-invalid=\"Please enter a valid phone number.\"\n\t\t\t\t\t>\n\t\t\t\t<\/p>\n\t\t\t\t<span class=\"text-err\"><\/span>\n\t\t\t<\/div>\n\t\t\n\t\t\t\t\t<div class=\"ova_field_wrap\">\n\t\t\t\t<p class=\"form-row password\">\n\t\t\t\t\t<input placeholder=\"Password *\" type=\"password\" name=\"password\" id=\"password\" autocomplete=\"new-password\" class=\"default_field required\"\n\t\t\t\t\tdata-msg=\"Please enter Password.\"\n\t\t\t\t\tdata-error=\"Password is greater than 8 characters and must include at least one number and must include at least one letter.\"\n\t\t\t\t\t>\n\t\t\t\t<\/p>\n\t\t\t\t<span class=\"text-err\"><\/span>\n\t\t\t\t<span class=\"text-secondary\"><small>Password is greater than 8 characters and must include at least one number and must include at least one letter.<\/small><\/span>\n\t\t\t<\/div>\n\t\t\n\t\t\n\t\t\n\t\t\n\t\t\n\t\t\t\t\t\n\t\t<div class=\"ova_field_wrap\" style=\"display:none;\">\n\t\t\t<p class=\"form-row\">\n\n\t\t\t\t\t\t\t\t\n\t\t\t\t\t\t\t\t\t<span class=\"raido_input\">\n\t\t\t\t\t\t<input type=\"radio\" name=\"type_user\" value=\"vendor\" id=\"vendor\" >\n\t\t\t\t\t\t<label for=\"vendor\">Vendor<\/label>\n\t\t\t\t\t<\/span>\n\t\t\t\t\n\t\t\t\t\n\n\t\t\t\t\t<span class=\"raido_input\">\n\t\t\t\t\t\t<input type=\"radio\" name=\"type_user\" value=\"user\" checked id=\"user\">\n\t\t\t\t\t\t<label for=\"user\">User<\/label>\n\t\t\t\t\t<\/span>\n\t\t\t\t\n\t\t\t<\/p>\n\t\t<\/div>\n\n\t\t\t\t\t<div class=\"ova_field_wrap\">\n\t\t\t\t<p class=\"form-row el-register-dcma\">\n\t\t\t\t\t\n\t\t\t\t\t<input id=\"el_dcma\" type=\"checkbox\" name=\"el_dcma\" value=\"dcma\" class=\"register_term required\" \n\t\t\t\t\tdata-msg=\"Please check terms and conditions.\"\n\t\t\t\t\t\/>\n\n\t\t\t\t\t<label class=\"terms-and-conditions-checkbox-text\" for=\"el_dcma\">\n\n\t\t\t\t\t\tI have read and agree to the website.\n\t\t\t\t\t\t\n\t\t\t\t\t\t\t<a href=\"https:\/\/mayshow.vn\/en\/dieu-khoan-su-dung\/\" class=\"terms-and-conditions-link\" target=\"_blank\">\n\t\t\t\t\t\t\t\tterms and conditions\t\t\t\t\t\t\t<\/a>\n\n\t\t\t\t\t\t\t\t\t\t\t\t\n\t\t\t\t\t<\/label>\n\t\t\t\t<\/p>\n\t\t\t\t<span class=\"text-err\"><\/span>\n\t\t\t<\/div>\n\t\t\n\t\t\n\t\t<p class=\"signup-submit\">\n\t\t\t<input type=\"submit\" name=\"submit\" class=\"ova-btn ova-btn-main-color\"\n\t\t\tvalue=\"Register\"\/>\n\t\t<\/p>\n\n\t\t<br>\n\t\t\n\t<\/form>\n<\/div>\n<\/div>\n\t\t\t\t\t\t<\/div>\n\t\t\t\t<\/div>\n\t\t\t\t\t<\/div>\n\t\t<\/div>\n\t\t\t\t\t<\/div>\n\t\t<\/section>\n\t\t\t\t<\/div>","protected":false},"excerpt":{"rendered":"","protected":false},"author":1,"featured_media":25295,"parent":0,"menu_order":0,"comment_status":"closed","ping_status":"closed","template":"elementor_header_footer","meta":{"footnotes":""},"class_list":["post-334","page","type-page","status-publish","has-post-thumbnail","hentry"],"yoast_head":"<!-- This site is optimized with the Yoast SEO plugin v24.7 - https:\/\/yoast.com\/wordpress\/plugins\/seo\/ -->\n<title>\u0110\u0103ng k\u00fd - May Heritage<\/title>\n<meta name=\"description\" content=\"\u0110\u0103ng k\u00fd tr\u1edf th\u00e0nh m\u1ed9t &quot;th\u01b0\u01a1ng nh\u00e2n&quot;, kh\u00e1m ph\u00e1 c\u00e1c ch\u01b0\u01a1ng tr\u00ecnh ngh\u1ec7 thu\u1eadt, v\u0103n ho\u00e1, \u00e2m nh\u1ea1c \u0111\u1ec9nh cao, kh\u00e1c bi\u1ec7t, mang c\u00e1c gi\u00e1 tr\u1ecb di s\u1ea3n.\" \/>\n<meta name=\"robots\" content=\"index, follow, max-snippet:-1, max-image-preview:large, max-video-preview:-1\" \/>\n<link rel=\"canonical\" href=\"https:\/\/mayshow.vn\/en\/dang-ky\/\" \/>\n<meta property=\"og:locale\" content=\"en_US\" \/>\n<meta property=\"og:type\" content=\"article\" \/>\n<meta property=\"og:title\" content=\"\u0110\u0103ng k\u00fd - May Heritage\" \/>\n<meta property=\"og:description\" content=\"\u0110\u0103ng k\u00fd tr\u1edf th\u00e0nh m\u1ed9t &quot;th\u01b0\u01a1ng nh\u00e2n&quot;, kh\u00e1m ph\u00e1 c\u00e1c ch\u01b0\u01a1ng tr\u00ecnh ngh\u1ec7 thu\u1eadt, v\u0103n ho\u00e1, \u00e2m nh\u1ea1c \u0111\u1ec9nh cao, kh\u00e1c bi\u1ec7t, mang c\u00e1c gi\u00e1 tr\u1ecb di s\u1ea3n.\" \/>\n<meta property=\"og:url\" content=\"https:\/\/mayshow.vn\/en\/dang-ky\/\" \/>\n<meta property=\"og:site_name\" content=\"MAY Heritage\" \/>\n<meta property=\"article:publisher\" content=\"https:\/\/www.facebook.com\/mayheritagevn\" \/>\n<meta property=\"article:modified_time\" content=\"2025-04-02T02:32:05+00:00\" \/>\n<meta property=\"og:image\" content=\"https:\/\/mayshow.vn\/wp-content\/uploads\/2025\/03\/AVT-2-1.jpg\" \/>\n\t<meta property=\"og:image:width\" content=\"512\" \/>\n\t<meta property=\"og:image:height\" content=\"512\" \/>\n\t<meta property=\"og:image:type\" content=\"image\/jpeg\" \/>\n<meta name=\"twitter:card\" content=\"summary_large_image\" \/>\n<meta name=\"twitter:label1\" content=\"Est. reading time\" \/>\n\t<meta name=\"twitter:data1\" content=\"1 minute\" \/>\n<script type=\"application\/ld+json\" class=\"yoast-schema-graph\">{\"@context\":\"https:\/\/schema.org\",\"@graph\":[{\"@type\":\"WebPage\",\"@id\":\"https:\/\/mayshow.vn\/dang-ky\/\",\"url\":\"https:\/\/mayshow.vn\/dang-ky\/\",\"name\":\"\u0110\u0103ng k\u00fd - May Heritage\",\"isPartOf\":{\"@id\":\"https:\/\/mayshow.vn\/#website\"},\"primaryImageOfPage\":{\"@id\":\"https:\/\/mayshow.vn\/dang-ky\/#primaryimage\"},\"image\":{\"@id\":\"https:\/\/mayshow.vn\/dang-ky\/#primaryimage\"},\"thumbnailUrl\":\"https:\/\/mayshow.vn\/wp-content\/uploads\/2025\/03\/AVT-2-1.jpg\",\"datePublished\":\"2019-07-02T09:38:45+00:00\",\"dateModified\":\"2025-04-02T02:32:05+00:00\",\"description\":\"\u0110\u0103ng k\u00fd tr\u1edf th\u00e0nh m\u1ed9t \\\"th\u01b0\u01a1ng nh\u00e2n\\\", kh\u00e1m ph\u00e1 c\u00e1c ch\u01b0\u01a1ng tr\u00ecnh ngh\u1ec7 thu\u1eadt, v\u0103n ho\u00e1, \u00e2m nh\u1ea1c \u0111\u1ec9nh cao, kh\u00e1c bi\u1ec7t, mang c\u00e1c gi\u00e1 tr\u1ecb di s\u1ea3n.\",\"breadcrumb\":{\"@id\":\"https:\/\/mayshow.vn\/dang-ky\/#breadcrumb\"},\"inLanguage\":\"en-US\",\"potentialAction\":[{\"@type\":\"ReadAction\",\"target\":[\"https:\/\/mayshow.vn\/dang-ky\/\"]}]},{\"@type\":\"ImageObject\",\"inLanguage\":\"en-US\",\"@id\":\"https:\/\/mayshow.vn\/dang-ky\/#primaryimage\",\"url\":\"https:\/\/mayshow.vn\/wp-content\/uploads\/2025\/03\/AVT-2-1.jpg\",\"contentUrl\":\"https:\/\/mayshow.vn\/wp-content\/uploads\/2025\/03\/AVT-2-1.jpg\",\"width\":512,\"height\":512,\"caption\":\"may heritage logo\"},{\"@type\":\"BreadcrumbList\",\"@id\":\"https:\/\/mayshow.vn\/dang-ky\/#breadcrumb\",\"itemListElement\":[{\"@type\":\"ListItem\",\"position\":1,\"name\":\"Trang ch\u1ee7\",\"item\":\"https:\/\/mayshow.vn\/\"},{\"@type\":\"ListItem\",\"position\":2,\"name\":\"\u0110\u0103ng k\u00fd\"}]},{\"@type\":\"WebSite\",\"@id\":\"https:\/\/mayshow.vn\/#website\",\"url\":\"https:\/\/mayshow.vn\/\",\"name\":\"MAY Heritage\",\"description\":\"Chu\u1ed7i ch\u01b0\u01a1ng tr\u00ecnh tr\u1ea3i nghi\u1ec7m \u00c2m Nh\u1ea1c - V\u0103n H\u00f3a - Du L\u1ecbch\",\"publisher\":{\"@id\":\"https:\/\/mayshow.vn\/#organization\"},\"potentialAction\":[{\"@type\":\"SearchAction\",\"target\":{\"@type\":\"EntryPoint\",\"urlTemplate\":\"https:\/\/mayshow.vn\/?s={search_term_string}\"},\"query-input\":{\"@type\":\"PropertyValueSpecification\",\"valueRequired\":true,\"valueName\":\"search_term_string\"}}],\"inLanguage\":\"en-US\"},{\"@type\":\"Organization\",\"@id\":\"https:\/\/mayshow.vn\/#organization\",\"name\":\"MAY Heritage\",\"url\":\"https:\/\/mayshow.vn\/\",\"logo\":{\"@type\":\"ImageObject\",\"inLanguage\":\"en-US\",\"@id\":\"https:\/\/mayshow.vn\/#\/schema\/logo\/image\/\",\"url\":\"https:\/\/mayshow.vn\/wp-content\/uploads\/2025\/03\/AVT-2_resize.jpg\",\"contentUrl\":\"https:\/\/mayshow.vn\/wp-content\/uploads\/2025\/03\/AVT-2_resize.jpg\",\"width\":450,\"height\":209,\"caption\":\"MAY Heritage\"},\"image\":{\"@id\":\"https:\/\/mayshow.vn\/#\/schema\/logo\/image\/\"},\"sameAs\":[\"https:\/\/www.facebook.com\/mayheritagevn\",\"https:\/\/www.tiktok.com\/@mayshow.vn\"]}]}<\/script>\n<!-- \/ Yoast SEO plugin. -->","yoast_head_json":{"title":"\u0110\u0103ng k\u00fd - May Heritage","description":"\u0110\u0103ng k\u00fd tr\u1edf th\u00e0nh m\u1ed9t \"th\u01b0\u01a1ng nh\u00e2n\", kh\u00e1m ph\u00e1 c\u00e1c ch\u01b0\u01a1ng tr\u00ecnh ngh\u1ec7 thu\u1eadt, v\u0103n ho\u00e1, \u00e2m nh\u1ea1c \u0111\u1ec9nh cao, kh\u00e1c bi\u1ec7t, mang c\u00e1c gi\u00e1 tr\u1ecb di s\u1ea3n.","robots":{"index":"index","follow":"follow","max-snippet":"max-snippet:-1","max-image-preview":"max-image-preview:large","max-video-preview":"max-video-preview:-1"},"canonical":"https:\/\/mayshow.vn\/en\/dang-ky\/","og_locale":"en_US","og_type":"article","og_title":"\u0110\u0103ng k\u00fd - May Heritage","og_description":"\u0110\u0103ng k\u00fd tr\u1edf th\u00e0nh m\u1ed9t \"th\u01b0\u01a1ng nh\u00e2n\", kh\u00e1m ph\u00e1 c\u00e1c ch\u01b0\u01a1ng tr\u00ecnh ngh\u1ec7 thu\u1eadt, v\u0103n ho\u00e1, \u00e2m nh\u1ea1c \u0111\u1ec9nh cao, kh\u00e1c bi\u1ec7t, mang c\u00e1c gi\u00e1 tr\u1ecb di s\u1ea3n.","og_url":"https:\/\/mayshow.vn\/en\/dang-ky\/","og_site_name":"MAY Heritage","article_publisher":"https:\/\/www.facebook.com\/mayheritagevn","article_modified_time":"2025-04-02T02:32:05+00:00","og_image":[{"width":512,"height":512,"url":"https:\/\/mayshow.vn\/wp-content\/uploads\/2025\/03\/AVT-2-1.jpg","type":"image\/jpeg"}],"twitter_card":"summary_large_image","twitter_misc":{"Est. reading time":"1 minute"},"schema":{"@context":"https:\/\/schema.org","@graph":[{"@type":"WebPage","@id":"https:\/\/mayshow.vn\/dang-ky\/","url":"https:\/\/mayshow.vn\/dang-ky\/","name":"\u0110\u0103ng k\u00fd - May Heritage","isPartOf":{"@id":"https:\/\/mayshow.vn\/#website"},"primaryImageOfPage":{"@id":"https:\/\/mayshow.vn\/dang-ky\/#primaryimage"},"image":{"@id":"https:\/\/mayshow.vn\/dang-ky\/#primaryimage"},"thumbnailUrl":"https:\/\/mayshow.vn\/wp-content\/uploads\/2025\/03\/AVT-2-1.jpg","datePublished":"2019-07-02T09:38:45+00:00","dateModified":"2025-04-02T02:32:05+00:00","description":"\u0110\u0103ng k\u00fd tr\u1edf th\u00e0nh m\u1ed9t \"th\u01b0\u01a1ng nh\u00e2n\", kh\u00e1m ph\u00e1 c\u00e1c ch\u01b0\u01a1ng tr\u00ecnh ngh\u1ec7 thu\u1eadt, v\u0103n ho\u00e1, \u00e2m nh\u1ea1c \u0111\u1ec9nh cao, kh\u00e1c bi\u1ec7t, mang c\u00e1c gi\u00e1 tr\u1ecb di s\u1ea3n.","breadcrumb":{"@id":"https:\/\/mayshow.vn\/dang-ky\/#breadcrumb"},"inLanguage":"en-US","potentialAction":[{"@type":"ReadAction","target":["https:\/\/mayshow.vn\/dang-ky\/"]}]},{"@type":"ImageObject","inLanguage":"en-US","@id":"https:\/\/mayshow.vn\/dang-ky\/#primaryimage","url":"https:\/\/mayshow.vn\/wp-content\/uploads\/2025\/03\/AVT-2-1.jpg","contentUrl":"https:\/\/mayshow.vn\/wp-content\/uploads\/2025\/03\/AVT-2-1.jpg","width":512,"height":512,"caption":"may heritage logo"},{"@type":"BreadcrumbList","@id":"https:\/\/mayshow.vn\/dang-ky\/#breadcrumb","itemListElement":[{"@type":"ListItem","position":1,"name":"Trang ch\u1ee7","item":"https:\/\/mayshow.vn\/"},{"@type":"ListItem","position":2,"name":"\u0110\u0103ng k\u00fd"}]},{"@type":"WebSite","@id":"https:\/\/mayshow.vn\/#website","url":"https:\/\/mayshow.vn\/","name":"MAY Heritage","description":"Chu\u1ed7i ch\u01b0\u01a1ng tr\u00ecnh tr\u1ea3i nghi\u1ec7m \u00c2m Nh\u1ea1c - V\u0103n H\u00f3a - Du L\u1ecbch","publisher":{"@id":"https:\/\/mayshow.vn\/#organization"},"potentialAction":[{"@type":"SearchAction","target":{"@type":"EntryPoint","urlTemplate":"https:\/\/mayshow.vn\/?s={search_term_string}"},"query-input":{"@type":"PropertyValueSpecification","valueRequired":true,"valueName":"search_term_string"}}],"inLanguage":"en-US"},{"@type":"Organization","@id":"https:\/\/mayshow.vn\/#organization","name":"MAY Heritage","url":"https:\/\/mayshow.vn\/","logo":{"@type":"ImageObject","inLanguage":"en-US","@id":"https:\/\/mayshow.vn\/#\/schema\/logo\/image\/","url":"https:\/\/mayshow.vn\/wp-content\/uploads\/2025\/03\/AVT-2_resize.jpg","contentUrl":"https:\/\/mayshow.vn\/wp-content\/uploads\/2025\/03\/AVT-2_resize.jpg","width":450,"height":209,"caption":"MAY Heritage"},"image":{"@id":"https:\/\/mayshow.vn\/#\/schema\/logo\/image\/"},"sameAs":["https:\/\/www.facebook.com\/mayheritagevn","https:\/\/www.tiktok.com\/@mayshow.vn"]}]}},"_links":{"self":[{"href":"https:\/\/mayshow.vn\/en\/wp-json\/wp\/v2\/pages\/334","targetHints":{"allow":["GET"]}}],"collection":[{"href":"https:\/\/mayshow.vn\/en\/wp-json\/wp\/v2\/pages"}],"about":[{"href":"https:\/\/mayshow.vn\/en\/wp-json\/wp\/v2\/types\/page"}],"author":[{"embeddable":true,"href":"https:\/\/mayshow.vn\/en\/wp-json\/wp\/v2\/users\/1"}],"replies":[{"embeddable":true,"href":"https:\/\/mayshow.vn\/en\/wp-json\/wp\/v2\/comments?post=334"}],"version-history":[{"count":1,"href":"https:\/\/mayshow.vn\/en\/wp-json\/wp\/v2\/pages\/334\/revisions"}],"predecessor-version":[{"id":11242,"href":"https:\/\/mayshow.vn\/en\/wp-json\/wp\/v2\/pages\/334\/revisions\/11242"}],"wp:featuredmedia":[{"embeddable":true,"href":"https:\/\/mayshow.vn\/en\/wp-json\/wp\/v2\/media\/25295"}],"wp:attachment":[{"href":"https:\/\/mayshow.vn\/en\/wp-json\/wp\/v2\/media?parent=334"}],"curies":[{"name":"wp","href":"https:\/\/api.w.org\/{rel}","templated":true}]}}