{"id":11403,"date":"2024-03-09T15:37:38","date_gmt":"2024-03-09T08:37:38","guid":{"rendered":"https:\/\/mayshow.vn\/?page_id=11403"},"modified":"2025-04-27T11:51:58","modified_gmt":"2025-04-27T04:51:58","slug":"huong-dan-mua-ve","status":"publish","type":"page","link":"https:\/\/mayshow.vn\/vi\/huong-dan-mua-ve\/","title":{"rendered":"H\u01b0\u1edbng d\u1eabn mua v\u00e9"},"content":{"rendered":"\t\t<div data-elementor-type=\"wp-page\" data-elementor-id=\"11403\" class=\"elementor elementor-11403\">\n\t\t\t\t\t\t<section class=\"elementor-section elementor-top-section elementor-element elementor-element-2e892c0 elementor-section-boxed elementor-section-height-default elementor-section-height-default\" data-id=\"2e892c0\" data-element_type=\"section\">\n\t\t\t\t\t\t<div class=\"elementor-container elementor-column-gap-default\">\n\t\t\t\t\t<div class=\"elementor-column elementor-col-100 elementor-top-column elementor-element elementor-element-d99c710\" data-id=\"d99c710\" data-element_type=\"column\">\n\t\t\t<div class=\"elementor-widget-wrap elementor-element-populated\">\n\t\t\t\t\t\t<div class=\"elementor-element elementor-element-abbc089 elementor-widget elementor-widget-text-editor\" data-id=\"abbc089\" data-element_type=\"widget\" data-widget_type=\"text-editor.default\">\n\t\t\t\t<div class=\"elementor-widget-container\">\n\t\t\t\t\t\t\t\t\t<p>V\u00ec<b> MAY SHOW ph\u00e1t h\u00e0nh v\u00e9 \u0111i\u1ec7n t\u1eed nh\u1eb1m \u0111\u1ea3m b\u1ea3o quy\u1ec1n l\u1ee3i cho kh\u00e1n gi\u1ea3 v\u00ec th\u1ebf \u0111\u1ec3 \u0111\u1eb7t v\u00e9 tr\u00ean website www.mayshow.vn c\u00e1c kh\u00e1n gi\u1ea3 c\u1ea7n th\u1ef1c hi\u1ec7n \u0111\u0103ng k\u00fd th\u00f4ng tin tr\u00ean website tr\u01b0\u1edbc khi ti\u1ebfn h\u00e0nh \u0111\u1eb7t v\u00e9.<\/b><\/p><div style=\"color: #a16a39;\"><span style=\"font-weight: bolder;\">1.\u00a0<\/span><b>H\u01b0\u1edbng d\u1eabn \u0111\u0103ng k\u00fd t\u00e0i kho\u1ea3n tr\u00ean website mayshow.vn<\/b><br \/><b>B\u01b0\u1edbc 1: Truy c\u1eadp website mayshow.vn.<\/b><br \/><b>B\u01b0\u1edbc 2: \u0110i\u1ec1n th\u00f4ng tin \u0111\u0103ng k\u00fd\/ \u0111\u0103ng nh\u1eadp t\u00e0i kho\u1ea3n \u1edf ph\u1ea7n Trang ch\u1ee7.<\/b><br \/><b>B\u01b0\u1edbc 3:\u00a0 N\u1ebfu \u0111\u0103ng k\u00fd t\u00e0i kho\u1ea3n m\u1edbi, vui l\u00f2ng x\u00e1c nh\u1eadn k\u00edch ho\u1ea1t t\u00e0i kho\u1ea3n trong email \u0111\u0103ng k\u00fd.\u00a0<\/b><br \/><b>B\u01b0\u1edbc 4: Ch\u1ecdn \u201cMUA V\u00c9\u201d sau khi \u0111\u0103ng nh\u1eadp\/ k\u00edch ho\u1ea1t t\u00e0i kho\u1ea3n th\u00e0nh c\u00f4ng.<\/b><br \/><b>B\u01b0\u1edbc 5: Ch\u1ecdn S\u1ef0 KI\u1ec6N b\u1ea1n mu\u1ed1n tham d\u1ef1.<\/b><br \/><b>B\u01b0\u1edbc 6: Ch\u1ecdn \u201cMUA V\u00c9 NGAY\u201d.<\/b><br \/><b>B\u01b0\u1edbc 7: Ch\u1ecdn h\u1ea1ng v\u00e9, khu v\u1ef1c ng\u1ed3i &amp; click \u201cTHANH TO\u00c1N\u201d.\u00a0<\/b><br \/><b>B\u01b0\u1edbc 8: Ki\u1ec3m tra th\u00f4ng tin, nh\u1eadp m\u00e3 khuy\u1ebfn m\u00e3i (n\u1ebfu c\u00f3) t\u1ea1i \u0110\u1ea6U TRANG v\u00e0 ch\u1ecdn \u201c\u0110\u1eb6T H\u00c0NG\u201d.<\/b><br \/><b>B\u01b0\u1edbc 9: Qu\u00e9t m\u00e3 QR v\u00e0 chuy\u1ec3n kho\u1ea3n thanh to\u00e1n.<\/b><br \/><b>B\u01b0\u1edbc 10: Ki\u1ec3m tra email x\u00e1c nh\u1eadn \u0111\u1eb7t v\u00e9 th\u00e0nh c\u00f4ng t\u1eeb h\u1ec7 th\u1ed1ng.<\/b><\/div>\t\t\t\t\t\t\t\t<\/div>\n\t\t\t\t<\/div>\n\t\t\t\t<div class=\"elementor-element elementor-element-cd5975a elementor-widget elementor-widget-heading\" data-id=\"cd5975a\" data-element_type=\"widget\" data-widget_type=\"heading.default\">\n\t\t\t\t<div class=\"elementor-widget-container\">\n\t\t\t\t\t<h1 class=\"elementor-heading-title elementor-size-default\">H\u01b0\u1edbng d\u1eabn thanh to\u00e1n<\/h1>\t\t\t\t<\/div>\n\t\t\t\t<\/div>\n\t\t\t\t<div class=\"elementor-element elementor-element-71fa878 elementor-widget elementor-widget-text-editor\" data-id=\"71fa878\" data-element_type=\"widget\" data-widget_type=\"text-editor.default\">\n\t\t\t\t<div class=\"elementor-widget-container\">\n\t\t\t\t\t\t\t\t\t<p><strong>Hi\u1ec7n t\u1ea1i ch\u1ec9 c\u00f3 02 h\u00ecnh th\u1ee9c thanh to\u00e1n \u0111\u1eb7t v\u00e9 t\u1ea1i MAY l\u00e0 Thanh to\u00e1n ti\u1ec1n m\u1eb7t ho\u1eb7c Chuy\u1ec3n kho\u1ea3n ng\u00e2n h\u00e0ng. C\u00e1c h\u00ecnh th\u1ee9c kh\u00e1c KH\u00d4NG \u0111\u01b0\u1ee3c \u00e1p d\u1ee5ng.<\/strong><\/p><p><strong>1. Thanh to\u00e1n ti\u1ec1n m\u1eb7t<\/strong><\/p><p><strong>1.1.<\/strong> H\u00ecnh th\u1ee9c thanh to\u00e1n ti\u1ec1n m\u1eb7t ch\u1ec9 \u0111\u01b0\u1ee3c \u00e1p d\u1ee5ng khi B\u1ea1n mua v\u00e9 t\u1ea1i c\u00e1c \u0111i\u1ec3m b\u00e1n v\u00e9 tr\u1ef1c ti\u1ebfp c\u1ee7a MAY Show. MAY linh ho\u1ea1t th\u1eddi gian v\u00e0 \u0111\u1ecba \u0111i\u1ec3m b\u00e1n v\u00e9 tr\u1ef1c ti\u1ebfp \u0111\u1ed1i v\u1edbi m\u1ed7i ch\u01b0\u01a1ng tr\u00ecnh \u0111\u01b0\u1ee3c t\u1ed5 ch\u1ee9c. B\u1ea1n mu\u1ed1n mua v\u00e9 tr\u1ef1c ti\u1ebfp vui l\u00f2ng c\u1eadp nh\u1eadt th\u00f4ng tin tr\u00ean Fanpage &amp; Website ch\u00ednh th\u1ee9c ho\u1eb7c li\u00ean h\u1ec7 Hotline \u0111\u1ec3 \u0111\u01b0\u1ee3c t\u01b0 v\u1ea5n chi ti\u1ebft.<\/p><p><strong>2. Thanh to\u00e1n chuy\u1ec3n kho\u1ea3n ng\u00e2n h\u00e0ng<\/strong><\/p><p><strong>2.1.<\/strong> H\u00ecnh th\u1ee9c thanh to\u00e1n chuy\u1ec3n kho\u1ea3n ng\u00e2n h\u00e0ng c\u00f3 th\u1ec3 \u0111\u01b0\u1ee3c \u00e1p d\u1ee5ng khi B\u1ea1n mua v\u00e9 tr\u1ef1c ti\u1ebfp t\u1ea1i \u0111i\u1ec3m b\u00e1n v\u00e9 ho\u1eb7c tr\u1ef1c tuy\u1ebfn (online) t\u1ea1i website ch\u00ednh th\u1ee9c c\u1ee7a MAY.<\/p><p><strong>2.2.<\/strong> N\u1ebfu B\u1ea1n th\u1ef1c hi\u1ec7n thanh to\u00e1n chuy\u1ec3n kho\u1ea3n khi mua v\u00e9 tr\u1ef1c ti\u1ebfp t\u1ea1i \u0111i\u1ec3m, B\u1ea1n s\u1ebd \u0111\u01b0\u1ee3c nh\u00e2n vi\u00ean b\u00e1n v\u00e9 h\u01b0\u1edbng d\u1eabn tr\u1ef1c ti\u1ebfp c\u00e1c b\u01b0\u1edbc thanh to\u00e1n.<\/p><p>Sau khi ho\u00e0n th\u00e0nh thanh to\u00e1n, b\u1ea1n s\u1ebd nh\u1eadn \u0111\u01b0\u1ee3c v\u00e9 gi\u1ea5y c\u1ee9ng c\u1ee7a Ban t\u1ed5 ch\u1ee9c \u0111\u1ec3 c\u00f3 quy\u1ec1n tham d\u1ef1 ch\u01b0\u01a1ng tr\u00ecnh.<\/p><p><strong>2.3.<\/strong> N\u1ebfu B\u1ea1n th\u1ef1c hi\u1ec7n thanh to\u00e1n chuy\u1ec3n kho\u1ea3n khi mua v\u00e9 tr\u1ef1c tuy\u1ebfn (online) tr\u00ean website ch\u00ednh th\u1ee9c c\u1ee7a MAY, B\u1ea1n c\u1ea7n th\u1ef1c hi\u1ec7n theo nh\u1eefng b\u01b0\u1edbc sau:<\/p><p><strong>B\u01b0\u1edbc 1:<\/strong> Ki\u1ec3m tra k\u1ef9 c\u00e1c th\u00f4ng tin \u0111\u1eb7t v\u00e9 tr\u01b0\u1edbc khi th\u1ef1c hi\u1ec7n thanh to\u00e1n. M\u1ecdi th\u00f4ng tin kh\u00f4ng th\u1ec3 s\u1eeda \u0111\u1ed5i sau khi thao t\u00e1c \u0111\u1eb7t v\u00e9 ho\u00e0n t\u1ea5t.<\/p><p><strong>B\u01b0\u1edbc 2:<\/strong> Th\u1ef1c hi\u1ec7n thanh to\u00e1n<\/p><p>&#8211; Click &#8220;Thanh to\u00e1n&#8221; ph\u00eda cu\u1ed1i \u0111\u01a1n h\u00e0ng.<\/p><p>&#8211; Qu\u00e9t m\u00e3 QR chuy\u1ec3n kho\u1ea3n \u0111\u01b0\u1ee3c h\u1ec7 th\u1ed1ng t\u1ea1o t\u1ef1 \u0111\u1ed9ng \u0111\u1ec3 th\u1ef1c hi\u1ec7n thanh to\u00e1n<\/p><p>&#8211; Nh\u1eadp &amp; ki\u1ec3m tra s\u1ed1 ti\u1ec1n chuy\u1ec3n kho\u1ea3n \u0111\u00fang theo t\u1ed5ng gi\u00e1 tr\u1ecb \u0111\u01a1n h\u00e0ng hi\u1ec3n th\u1ecb tr\u00ean h\u1ec7 th\u1ed1ng<\/p><p>(M\u00e3 \u0111\u01a1n h\u00e0ng \u0111\u01b0\u1ee3c h\u1ec7 th\u1ed1ng t\u1ea1o t\u1ef1 \u0111\u1ed9ng v\u00e0 hi\u1ec3n th\u1ecb tr\u00ean m\u00e0n hinh sau khi b\u1ea1n ho\u00e0n th\u00e0nh c\u00e1c th\u00f4ng tin \u0111\u1eb7t v\u00e9)<\/p>\t\t\t\t\t\t\t\t<\/div>\n\t\t\t\t<\/div>\n\t\t\t\t<div class=\"elementor-element elementor-element-3f7b1a0 elementor-widget elementor-widget-html\" data-id=\"3f7b1a0\" data-element_type=\"widget\" data-widget_type=\"html.default\">\n\t\t\t\t<div class=\"elementor-widget-container\">\n\t\t\t\t\t<style>\n    div,p {\n        text-align:justify;\n        text-justify:inter-word;\n    }\n<\/style>\t\t\t\t<\/div>\n\t\t\t\t<\/div>\n\t\t\t\t\t<\/div>\n\t\t<\/div>\n\t\t\t\t\t<\/div>\n\t\t<\/section>\n\t\t\t\t<\/div>\n\t\t","protected":false},"excerpt":{"rendered":"<p>V\u00ec MAY SHOW ph\u00e1t h\u00e0nh v\u00e9 \u0111i\u1ec7n t\u1eed nh\u1eb1m \u0111\u1ea3m b\u1ea3o quy\u1ec1n l\u1ee3i cho kh\u00e1n gi\u1ea3 v\u00ec th\u1ebf \u0111\u1ec3 \u0111\u1eb7t v\u00e9 tr\u00ean website www.mayshow.vn c\u00e1c kh\u00e1n gi\u1ea3 c\u1ea7n th\u1ef1c hi\u1ec7n \u0111\u0103ng k\u00fd th\u00f4ng tin tr\u00ean website tr\u01b0\u1edbc khi ti\u1ebfn h\u00e0nh \u0111\u1eb7t v\u00e9. 1.\u00a0H\u01b0\u1edbng d\u1eabn \u0111\u0103ng k\u00fd t\u00e0i kho\u1ea3n tr\u00ean website mayshow.vnB\u01b0\u1edbc 1: Truy c\u1eadp website [&hellip;]<\/p>\n","protected":false},"author":1,"featured_media":16417,"parent":0,"menu_order":0,"comment_status":"closed","ping_status":"closed","template":"","meta":{"footnotes":""},"class_list":["post-11403","page","type-page","status-publish","has-post-thumbnail","hentry"],"yoast_head":"<!-- This site is optimized with the Yoast SEO plugin v24.7 - https:\/\/yoast.com\/wordpress\/plugins\/seo\/ -->\n<title>H\u01b0\u1edbng d\u1eabn mua v\u00e9<\/title>\n<meta name=\"description\" content=\"H\u01b0\u1edbng d\u1eabn mua v\u00e9 s\u1ef1 ki\u1ec7n May Heritage. &quot;Th\u01b0\u01a1ng nh\u00e2n&quot; g\u1eb7p th\u1eafc m\u1eafc g\u00ec c\u00f3 th\u1ec3 xem trang c\u00e2u h\u1ecfi th\u01b0\u1eddng g\u1eb7p ho\u1eb7c li\u00ean h\u1ec7 hotline 081 800 0389.\" \/>\n<meta name=\"robots\" content=\"index, follow, max-snippet:-1, max-image-preview:large, max-video-preview:-1\" \/>\n<link rel=\"canonical\" href=\"https:\/\/mayshow.vn\/vi\/huong-dan-mua-ve\/\" \/>\n<meta property=\"og:locale\" content=\"vi_VN\" \/>\n<meta property=\"og:type\" content=\"article\" \/>\n<meta property=\"og:title\" content=\"H\u01b0\u1edbng d\u1eabn mua v\u00e9\" \/>\n<meta property=\"og:description\" content=\"H\u01b0\u1edbng d\u1eabn mua v\u00e9 s\u1ef1 ki\u1ec7n May Heritage. &quot;Th\u01b0\u01a1ng nh\u00e2n&quot; g\u1eb7p th\u1eafc m\u1eafc g\u00ec c\u00f3 th\u1ec3 xem trang c\u00e2u h\u1ecfi th\u01b0\u1eddng g\u1eb7p ho\u1eb7c li\u00ean h\u1ec7 hotline 081 800 0389.\" \/>\n<meta property=\"og:url\" content=\"https:\/\/mayshow.vn\/vi\/huong-dan-mua-ve\/\" \/>\n<meta property=\"og:site_name\" content=\"MAY Heritage\" \/>\n<meta property=\"article:publisher\" content=\"https:\/\/www.facebook.com\/mayheritagevn\" \/>\n<meta property=\"article:modified_time\" content=\"2025-04-27T04:51:58+00:00\" \/>\n<meta property=\"og:image\" content=\"https:\/\/mayshow.vn\/wp-content\/uploads\/2024\/04\/11.jpeg\" \/>\n\t<meta property=\"og:image:width\" content=\"2000\" \/>\n\t<meta property=\"og:image:height\" content=\"2000\" \/>\n\t<meta property=\"og:image:type\" content=\"image\/jpeg\" \/>\n<meta name=\"twitter:card\" content=\"summary_large_image\" \/>\n<meta name=\"twitter:label1\" content=\"\u01af\u1edbc t\u00ednh th\u1eddi gian \u0111\u1ecdc\" \/>\n\t<meta name=\"twitter:data1\" content=\"3 ph\u00fat\" \/>\n<script type=\"application\/ld+json\" class=\"yoast-schema-graph\">{\"@context\":\"https:\/\/schema.org\",\"@graph\":[{\"@type\":\"WebPage\",\"@id\":\"https:\/\/mayshow.vn\/huong-dan-mua-ve\/\",\"url\":\"https:\/\/mayshow.vn\/huong-dan-mua-ve\/\",\"name\":\"H\u01b0\u1edbng d\u1eabn mua v\u00e9\",\"isPartOf\":{\"@id\":\"https:\/\/mayshow.vn\/#website\"},\"primaryImageOfPage\":{\"@id\":\"https:\/\/mayshow.vn\/huong-dan-mua-ve\/#primaryimage\"},\"image\":{\"@id\":\"https:\/\/mayshow.vn\/huong-dan-mua-ve\/#primaryimage\"},\"thumbnailUrl\":\"https:\/\/mayshow.vn\/wp-content\/uploads\/2024\/04\/11.jpeg\",\"datePublished\":\"2024-03-09T08:37:38+00:00\",\"dateModified\":\"2025-04-27T04:51:58+00:00\",\"description\":\"H\u01b0\u1edbng d\u1eabn mua v\u00e9 s\u1ef1 ki\u1ec7n May Heritage. \\\"Th\u01b0\u01a1ng nh\u00e2n\\\" g\u1eb7p th\u1eafc m\u1eafc g\u00ec c\u00f3 th\u1ec3 xem trang c\u00e2u h\u1ecfi th\u01b0\u1eddng g\u1eb7p ho\u1eb7c li\u00ean h\u1ec7 hotline 081 800 0389.\",\"breadcrumb\":{\"@id\":\"https:\/\/mayshow.vn\/huong-dan-mua-ve\/#breadcrumb\"},\"inLanguage\":\"vi\",\"potentialAction\":[{\"@type\":\"ReadAction\",\"target\":[\"https:\/\/mayshow.vn\/huong-dan-mua-ve\/\"]}]},{\"@type\":\"ImageObject\",\"inLanguage\":\"vi\",\"@id\":\"https:\/\/mayshow.vn\/huong-dan-mua-ve\/#primaryimage\",\"url\":\"https:\/\/mayshow.vn\/wp-content\/uploads\/2024\/04\/11.jpeg\",\"contentUrl\":\"https:\/\/mayshow.vn\/wp-content\/uploads\/2024\/04\/11.jpeg\",\"width\":2000,\"height\":2000},{\"@type\":\"BreadcrumbList\",\"@id\":\"https:\/\/mayshow.vn\/huong-dan-mua-ve\/#breadcrumb\",\"itemListElement\":[{\"@type\":\"ListItem\",\"position\":1,\"name\":\"Trang ch\u1ee7\",\"item\":\"https:\/\/mayshow.vn\/\"},{\"@type\":\"ListItem\",\"position\":2,\"name\":\"H\u01b0\u1edbng d\u1eabn mua v\u00e9\"}]},{\"@type\":\"WebSite\",\"@id\":\"https:\/\/mayshow.vn\/#website\",\"url\":\"https:\/\/mayshow.vn\/\",\"name\":\"MAY Heritage\",\"description\":\"Chu\u1ed7i ch\u01b0\u01a1ng tr\u00ecnh tr\u1ea3i nghi\u1ec7m \u00c2m Nh\u1ea1c - V\u0103n H\u00f3a - Du L\u1ecbch\",\"publisher\":{\"@id\":\"https:\/\/mayshow.vn\/#organization\"},\"potentialAction\":[{\"@type\":\"SearchAction\",\"target\":{\"@type\":\"EntryPoint\",\"urlTemplate\":\"https:\/\/mayshow.vn\/?s={search_term_string}\"},\"query-input\":{\"@type\":\"PropertyValueSpecification\",\"valueRequired\":true,\"valueName\":\"search_term_string\"}}],\"inLanguage\":\"vi\"},{\"@type\":\"Organization\",\"@id\":\"https:\/\/mayshow.vn\/#organization\",\"name\":\"MAY Heritage\",\"url\":\"https:\/\/mayshow.vn\/\",\"logo\":{\"@type\":\"ImageObject\",\"inLanguage\":\"vi\",\"@id\":\"https:\/\/mayshow.vn\/#\/schema\/logo\/image\/\",\"url\":\"https:\/\/mayshow.vn\/wp-content\/uploads\/2025\/03\/AVT-2_resize.jpg\",\"contentUrl\":\"https:\/\/mayshow.vn\/wp-content\/uploads\/2025\/03\/AVT-2_resize.jpg\",\"width\":450,\"height\":209,\"caption\":\"MAY Heritage\"},\"image\":{\"@id\":\"https:\/\/mayshow.vn\/#\/schema\/logo\/image\/\"},\"sameAs\":[\"https:\/\/www.facebook.com\/mayheritagevn\",\"https:\/\/www.tiktok.com\/@mayshow.vn\"]}]}<\/script>\n<!-- \/ Yoast SEO plugin. -->","yoast_head_json":{"title":"H\u01b0\u1edbng d\u1eabn mua v\u00e9","description":"H\u01b0\u1edbng d\u1eabn mua v\u00e9 s\u1ef1 ki\u1ec7n May Heritage. \"Th\u01b0\u01a1ng nh\u00e2n\" g\u1eb7p th\u1eafc m\u1eafc g\u00ec c\u00f3 th\u1ec3 xem trang c\u00e2u h\u1ecfi th\u01b0\u1eddng g\u1eb7p ho\u1eb7c li\u00ean h\u1ec7 hotline 081 800 0389.","robots":{"index":"index","follow":"follow","max-snippet":"max-snippet:-1","max-image-preview":"max-image-preview:large","max-video-preview":"max-video-preview:-1"},"canonical":"https:\/\/mayshow.vn\/vi\/huong-dan-mua-ve\/","og_locale":"vi_VN","og_type":"article","og_title":"H\u01b0\u1edbng d\u1eabn mua v\u00e9","og_description":"H\u01b0\u1edbng d\u1eabn mua v\u00e9 s\u1ef1 ki\u1ec7n May Heritage. \"Th\u01b0\u01a1ng nh\u00e2n\" g\u1eb7p th\u1eafc m\u1eafc g\u00ec c\u00f3 th\u1ec3 xem trang c\u00e2u h\u1ecfi th\u01b0\u1eddng g\u1eb7p ho\u1eb7c li\u00ean h\u1ec7 hotline 081 800 0389.","og_url":"https:\/\/mayshow.vn\/vi\/huong-dan-mua-ve\/","og_site_name":"MAY Heritage","article_publisher":"https:\/\/www.facebook.com\/mayheritagevn","article_modified_time":"2025-04-27T04:51:58+00:00","og_image":[{"width":2000,"height":2000,"url":"https:\/\/mayshow.vn\/wp-content\/uploads\/2024\/04\/11.jpeg","type":"image\/jpeg"}],"twitter_card":"summary_large_image","twitter_misc":{"\u01af\u1edbc t\u00ednh th\u1eddi gian \u0111\u1ecdc":"3 ph\u00fat"},"schema":{"@context":"https:\/\/schema.org","@graph":[{"@type":"WebPage","@id":"https:\/\/mayshow.vn\/huong-dan-mua-ve\/","url":"https:\/\/mayshow.vn\/huong-dan-mua-ve\/","name":"H\u01b0\u1edbng d\u1eabn mua v\u00e9","isPartOf":{"@id":"https:\/\/mayshow.vn\/#website"},"primaryImageOfPage":{"@id":"https:\/\/mayshow.vn\/huong-dan-mua-ve\/#primaryimage"},"image":{"@id":"https:\/\/mayshow.vn\/huong-dan-mua-ve\/#primaryimage"},"thumbnailUrl":"https:\/\/mayshow.vn\/wp-content\/uploads\/2024\/04\/11.jpeg","datePublished":"2024-03-09T08:37:38+00:00","dateModified":"2025-04-27T04:51:58+00:00","description":"H\u01b0\u1edbng d\u1eabn mua v\u00e9 s\u1ef1 ki\u1ec7n May Heritage. \"Th\u01b0\u01a1ng nh\u00e2n\" g\u1eb7p th\u1eafc m\u1eafc g\u00ec c\u00f3 th\u1ec3 xem trang c\u00e2u h\u1ecfi th\u01b0\u1eddng g\u1eb7p ho\u1eb7c li\u00ean h\u1ec7 hotline 081 800 0389.","breadcrumb":{"@id":"https:\/\/mayshow.vn\/huong-dan-mua-ve\/#breadcrumb"},"inLanguage":"vi","potentialAction":[{"@type":"ReadAction","target":["https:\/\/mayshow.vn\/huong-dan-mua-ve\/"]}]},{"@type":"ImageObject","inLanguage":"vi","@id":"https:\/\/mayshow.vn\/huong-dan-mua-ve\/#primaryimage","url":"https:\/\/mayshow.vn\/wp-content\/uploads\/2024\/04\/11.jpeg","contentUrl":"https:\/\/mayshow.vn\/wp-content\/uploads\/2024\/04\/11.jpeg","width":2000,"height":2000},{"@type":"BreadcrumbList","@id":"https:\/\/mayshow.vn\/huong-dan-mua-ve\/#breadcrumb","itemListElement":[{"@type":"ListItem","position":1,"name":"Trang ch\u1ee7","item":"https:\/\/mayshow.vn\/"},{"@type":"ListItem","position":2,"name":"H\u01b0\u1edbng d\u1eabn mua v\u00e9"}]},{"@type":"WebSite","@id":"https:\/\/mayshow.vn\/#website","url":"https:\/\/mayshow.vn\/","name":"MAY Heritage","description":"Chu\u1ed7i ch\u01b0\u01a1ng tr\u00ecnh tr\u1ea3i nghi\u1ec7m \u00c2m Nh\u1ea1c - V\u0103n H\u00f3a - Du L\u1ecbch","publisher":{"@id":"https:\/\/mayshow.vn\/#organization"},"potentialAction":[{"@type":"SearchAction","target":{"@type":"EntryPoint","urlTemplate":"https:\/\/mayshow.vn\/?s={search_term_string}"},"query-input":{"@type":"PropertyValueSpecification","valueRequired":true,"valueName":"search_term_string"}}],"inLanguage":"vi"},{"@type":"Organization","@id":"https:\/\/mayshow.vn\/#organization","name":"MAY Heritage","url":"https:\/\/mayshow.vn\/","logo":{"@type":"ImageObject","inLanguage":"vi","@id":"https:\/\/mayshow.vn\/#\/schema\/logo\/image\/","url":"https:\/\/mayshow.vn\/wp-content\/uploads\/2025\/03\/AVT-2_resize.jpg","contentUrl":"https:\/\/mayshow.vn\/wp-content\/uploads\/2025\/03\/AVT-2_resize.jpg","width":450,"height":209,"caption":"MAY Heritage"},"image":{"@id":"https:\/\/mayshow.vn\/#\/schema\/logo\/image\/"},"sameAs":["https:\/\/www.facebook.com\/mayheritagevn","https:\/\/www.tiktok.com\/@mayshow.vn"]}]}},"_links":{"self":[{"href":"https:\/\/mayshow.vn\/vi\/wp-json\/wp\/v2\/pages\/11403","targetHints":{"allow":["GET"]}}],"collection":[{"href":"https:\/\/mayshow.vn\/vi\/wp-json\/wp\/v2\/pages"}],"about":[{"href":"https:\/\/mayshow.vn\/vi\/wp-json\/wp\/v2\/types\/page"}],"author":[{"embeddable":true,"href":"https:\/\/mayshow.vn\/vi\/wp-json\/wp\/v2\/users\/1"}],"replies":[{"embeddable":true,"href":"https:\/\/mayshow.vn\/vi\/wp-json\/wp\/v2\/comments?post=11403"}],"version-history":[{"count":109,"href":"https:\/\/mayshow.vn\/vi\/wp-json\/wp\/v2\/pages\/11403\/revisions"}],"predecessor-version":[{"id":33449,"href":"https:\/\/mayshow.vn\/vi\/wp-json\/wp\/v2\/pages\/11403\/revisions\/33449"}],"wp:featuredmedia":[{"embeddable":true,"href":"https:\/\/mayshow.vn\/vi\/wp-json\/wp\/v2\/media\/16417"}],"wp:attachment":[{"href":"https:\/\/mayshow.vn\/vi\/wp-json\/wp\/v2\/media?parent=11403"}],"curies":[{"name":"wp","href":"https:\/\/api.w.org\/{rel}","templated":true}]}}