{"id":291,"date":"2019-07-01T09:02:40","date_gmt":"2019-07-01T09:02:40","guid":{"rendered":"https:\/\/mayshow.vn\/?page_id=291"},"modified":"2025-04-18T11:57:44","modified_gmt":"2025-04-18T04:57:44","slug":"lien-he","status":"publish","type":"page","link":"https:\/\/mayshow.vn\/vi\/lien-he\/","title":{"rendered":"Li\u00ean h\u1ec7"},"content":{"rendered":"\t\t<div data-elementor-type=\"wp-post\" data-elementor-id=\"291\" class=\"elementor elementor-291\">\n\t\t\t\t\t\t<section class=\"elementor-section elementor-top-section elementor-element elementor-element-dcd2521 elementor-section-boxed elementor-section-height-default elementor-section-height-default\" data-id=\"dcd2521\" data-element_type=\"section\">\n\t\t\t\t\t\t<div class=\"elementor-container elementor-column-gap-default\">\n\t\t\t\t\t<div class=\"elementor-column elementor-col-50 elementor-top-column elementor-element elementor-element-c09a088\" data-id=\"c09a088\" data-element_type=\"column\">\n\t\t\t<div class=\"elementor-widget-wrap elementor-element-populated\">\n\t\t\t\t\t\t<div class=\"elementor-element elementor-element-2e8f01c elementor-widget elementor-widget-ova_heading\" data-id=\"2e8f01c\" data-element_type=\"widget\" data-widget_type=\"ova_heading.default\">\n\t\t\t\t<div class=\"elementor-widget-container\">\n\t\t\t\t\t\t\t<div class=\"ova-heading\">\n\t\t\t\n\t\t\t\t\t\t\t<h3 class=\"title second_font\">Li\u00ean h\u1ec7 h\u1ee3p t\u00e1c, truy\u1ec1n th\u00f4ng &amp; t\u00e0i tr\u1ee3<\/h3>\n\t\t\t\n\t\t\t\n\t\t\t<span class=\"line \"><\/span>\n\n\t\t<\/div>\n\t\t\t\t\t\t<\/div>\n\t\t\t\t<\/div>\n\t\t\t\t<div class=\"elementor-element elementor-element-25d7658 elementor-widget elementor-widget-text-editor\" data-id=\"25d7658\" data-element_type=\"widget\" data-widget_type=\"text-editor.default\">\n\t\t\t\t<div class=\"elementor-widget-container\">\n\t\t\t\t\t\t\t\t\t<strong>C\u00d4NG TY C\u1ed4 PH\u1ea6N TRUY\u1ec0N TH\u00d4NG V\u00c0 S\u1ef0 KI\u1ec6N <font style=\"color: #c90c0c;\">B<\/font>ACKSTAGE<\/strong>\t\t\t\t\t\t\t\t<\/div>\n\t\t\t\t<\/div>\n\t\t\t\t<div class=\"elementor-element elementor-element-878c976 second_fond elementor-widget elementor-widget-ova_contact\" data-id=\"878c976\" data-element_type=\"widget\" data-widget_type=\"ova_contact.default\">\n\t\t\t\t<div class=\"elementor-widget-container\">\n\t\t\t\t\t\t\t<div class=\"ova-contact\">\n\t\t\t\t\t\t\t<div class=\"icon\">\n\t\t\t\t\t<i class=\"flaticon-e-mail-envelope\"><\/i>\n\t\t\t\t<\/div>\n\t\t\t\t\t\t\t\t\t\t<div class=\"address\"><span><a href='mailto:mailto:hello@mayshow.vn'>hello@mayshow.vn<\/a><\/span><\/div>\n\t\t\t\t\t\t\n\t\t<\/div>\n\t\t\t\t\t\t<\/div>\n\t\t\t\t<\/div>\n\t\t\t\t<div class=\"elementor-element elementor-element-9405531 second_fond elementor-widget elementor-widget-ova_contact\" data-id=\"9405531\" data-element_type=\"widget\" data-widget_type=\"ova_contact.default\">\n\t\t\t\t<div class=\"elementor-widget-container\">\n\t\t\t\t\t\t\t<div class=\"ova-contact\">\n\t\t\t\t\t\t\t<div class=\"icon\">\n\t\t\t\t\t<i class=\"flaticon-unlink\"><\/i>\n\t\t\t\t<\/div>\n\t\t\t\t\t\t\t\t\t\t<div class=\"address\"><span><a href='https:\/\/mayshow.vn'>https:\/\/mayshow.vn<\/a><\/span><\/div>\n\t\t\t\t\t\t\n\t\t<\/div>\n\t\t\t\t\t\t<\/div>\n\t\t\t\t<\/div>\n\t\t\t\t<div class=\"elementor-element elementor-element-8e91dc4 second_fond elementor-widget elementor-widget-ova_contact\" data-id=\"8e91dc4\" data-element_type=\"widget\" data-widget_type=\"ova_contact.default\">\n\t\t\t\t<div class=\"elementor-widget-container\">\n\t\t\t\t\t\t\t<div class=\"ova-contact\">\n\t\t\t\t\t\t\t<div class=\"icon\">\n\t\t\t\t\t<i class=\"flaticon-placeholder\"><\/i>\n\t\t\t\t<\/div>\n\t\t\t\t\t\t\t\t\t\t<div class=\"address\"><span>69 Ng. 279 P. \u0110\u1ed9i C\u1ea5n, Ng\u1ecdc H\u1ed3, Ba \u0110\u00ecnh, H\u00e0 N\u1ed9i<\/span><\/div>\n\t\t\t\t\t\t\n\t\t<\/div>\n\t\t\t\t\t\t<\/div>\n\t\t\t\t<\/div>\n\t\t\t\t<div class=\"elementor-element elementor-element-6572f17 elementor-widget elementor-widget-google_maps\" data-id=\"6572f17\" data-element_type=\"widget\" data-widget_type=\"google_maps.default\">\n\t\t\t\t<div class=\"elementor-widget-container\">\n\t\t\t\t\t\t\t<div class=\"elementor-custom-embed\">\n\t\t\t<iframe loading=\"lazy\"\n\t\t\t\t\tsrc=\"https:\/\/maps.google.com\/maps?q=69%20Ng.%20279%20P.%20%C4%90%E1%BB%99i%20C%E1%BA%A5n%2C%20Ng%E1%BB%8Dc%20H%E1%BB%93%2C%20Ba%20%C4%90%C3%ACnh%2C%20H%C3%A0%20N%E1%BB%99i%20100000&#038;t=m&#038;z=16&#038;output=embed&#038;iwloc=near\"\n\t\t\t\t\ttitle=\"69 Ng. 279 P. \u0110\u1ed9i C\u1ea5n, Ng\u1ecdc H\u1ed3, Ba \u0110\u00ecnh, H\u00e0 N\u1ed9i 100000\"\n\t\t\t\t\taria-label=\"69 Ng. 279 P. \u0110\u1ed9i C\u1ea5n, Ng\u1ecdc H\u1ed3, Ba \u0110\u00ecnh, H\u00e0 N\u1ed9i 100000\"\n\t\t\t><\/iframe>\n\t\t<\/div>\n\t\t\t\t\t\t<\/div>\n\t\t\t\t<\/div>\n\t\t\t\t\t<\/div>\n\t\t<\/div>\n\t\t\t\t<div class=\"elementor-column elementor-col-50 elementor-top-column elementor-element elementor-element-179b522\" data-id=\"179b522\" data-element_type=\"column\">\n\t\t\t<div class=\"elementor-widget-wrap elementor-element-populated\">\n\t\t\t\t\t\t<div class=\"elementor-element elementor-element-bf6f9fc elementor-widget elementor-widget-ova_heading\" data-id=\"bf6f9fc\" data-element_type=\"widget\" data-widget_type=\"ova_heading.default\">\n\t\t\t\t<div class=\"elementor-widget-container\">\n\t\t\t\t\t\t\t<div class=\"ova-heading\">\n\t\t\t\n\t\t\t\t\t\t\t<h3 class=\"title second_font\">Li\u00ean h\u1ec7 mua v\u00e9<\/h3>\n\t\t\t\n\t\t\t\n\t\t\t<span class=\"line \"><\/span>\n\n\t\t<\/div>\n\t\t\t\t\t\t<\/div>\n\t\t\t\t<\/div>\n\t\t\t\t<div class=\"elementor-element elementor-element-ab3a611 second_fond elementor-widget elementor-widget-ova_contact\" data-id=\"ab3a611\" data-element_type=\"widget\" data-widget_type=\"ova_contact.default\">\n\t\t\t\t<div class=\"elementor-widget-container\">\n\t\t\t\t\t\t\t<div class=\"ova-contact\">\n\t\t\t\t\t\t\t<div class=\"icon\">\n\t\t\t\t\t<i class=\"flaticon-phone\"><\/i>\n\t\t\t\t<\/div>\n\t\t\t\t\t\t\t\t\t\t<div class=\"address\"><span><a href='tel:0818000389'>Hotline: 08.1800.0389<\/a><\/span><\/div>\n\t\t\t\t\t\t\n\t\t<\/div>\n\t\t\t\t\t\t<\/div>\n\t\t\t\t<\/div>\n\t\t\t\t<div class=\"elementor-element elementor-element-181cf07 elementor-widget elementor-widget-ova_heading\" data-id=\"181cf07\" data-element_type=\"widget\" data-widget_type=\"ova_heading.default\">\n\t\t\t\t<div class=\"elementor-widget-container\">\n\t\t\t\t\t\t\t<div class=\"ova-heading\">\n\t\t\t\n\t\t\t\t\t\t\t<h3 class=\"title second_font\">Mua v\u00e9 cho doanh nghi\u1ec7p, h\u1ed9i nh\u00f3m<\/h3>\n\t\t\t\n\t\t\t\n\t\t\t<span class=\"line \"><\/span>\n\n\t\t<\/div>\n\t\t\t\t\t\t<\/div>\n\t\t\t\t<\/div>\n\t\t\t\t<div class=\"elementor-element elementor-element-018f9ea second_fond elementor-widget elementor-widget-ova_contact\" data-id=\"018f9ea\" data-element_type=\"widget\" data-widget_type=\"ova_contact.default\">\n\t\t\t\t<div class=\"elementor-widget-container\">\n\t\t\t\t\t\t\t<div class=\"ova-contact\">\n\t\t\t\t\t\t\t<div class=\"icon\">\n\t\t\t\t\t<i class=\"flaticon-phone\"><\/i>\n\t\t\t\t<\/div>\n\t\t\t\t\t\t\t\t\t\t<div class=\"address\"><span><a href='tel:0818000389'>Hotline: 08.1800.0389<\/a><\/span><\/div>\n\t\t\t\t\t\t\n\t\t<\/div>\n\t\t\t\t\t\t<\/div>\n\t\t\t\t<\/div>\n\t\t\t\t<div class=\"elementor-element elementor-element-4cc3285 elementor-widget elementor-widget-ova_heading\" data-id=\"4cc3285\" data-element_type=\"widget\" data-widget_type=\"ova_heading.default\">\n\t\t\t\t<div class=\"elementor-widget-container\">\n\t\t\t\t\t\t\t<div class=\"ova-heading\">\n\t\t\t\n\t\t\t\t\t\t\t<h3 class=\"title second_font\">Theo d\u00f5i ch\u00fang t\u00f4i<\/h3>\n\t\t\t\n\t\t\t\n\t\t\t<span class=\"line \"><\/span>\n\n\t\t<\/div>\n\t\t\t\t\t\t<\/div>\n\t\t\t\t<\/div>\n\t\t\t\t<div class=\"elementor-element elementor-element-7a9cb26 elementor-shape-circle e-grid-align-left elementor-grid-0 elementor-widget elementor-widget-social-icons\" data-id=\"7a9cb26\" data-element_type=\"widget\" data-widget_type=\"social-icons.default\">\n\t\t\t\t<div class=\"elementor-widget-container\">\n\t\t\t\t\t\t\t<div class=\"elementor-social-icons-wrapper elementor-grid\" role=\"list\">\n\t\t\t\t\t\t\t<span class=\"elementor-grid-item\" role=\"listitem\">\n\t\t\t\t\t<a class=\"elementor-icon elementor-social-icon elementor-social-icon-facebook-f elementor-repeater-item-9090302\" href=\"https:\/\/www.facebook.com\/mayheritagevn\" target=\"_blank\">\n\t\t\t\t\t\t<span class=\"elementor-screen-only\">Facebook-f<\/span>\n\t\t\t\t\t\t<svg class=\"e-font-icon-svg e-fab-facebook-f\" viewBox=\"0 0 320 512\" xmlns=\"http:\/\/www.w3.org\/2000\/svg\"><path d=\"M279.14 288l14.22-92.66h-88.91v-60.13c0-25.35 12.42-50.06 52.24-50.06h40.42V6.26S260.43 0 225.36 0c-73.22 0-121.08 44.38-121.08 124.72v70.62H22.89V288h81.39v224h100.17V288z\"><\/path><\/svg>\t\t\t\t\t<\/a>\n\t\t\t\t<\/span>\n\t\t\t\t\t\t\t<span class=\"elementor-grid-item\" role=\"listitem\">\n\t\t\t\t\t<a class=\"elementor-icon elementor-social-icon elementor-social-icon-tiktok elementor-repeater-item-fbc742d\" href=\"https:\/\/www.tiktok.com\/@mayshow.vn\" target=\"_blank\">\n\t\t\t\t\t\t<span class=\"elementor-screen-only\">Tiktok<\/span>\n\t\t\t\t\t\t<svg class=\"e-font-icon-svg e-fab-tiktok\" viewBox=\"0 0 448 512\" xmlns=\"http:\/\/www.w3.org\/2000\/svg\"><path d=\"M448,209.91a210.06,210.06,0,0,1-122.77-39.25V349.38A162.55,162.55,0,1,1,185,188.31V278.2a74.62,74.62,0,1,0,52.23,71.18V0l88,0a121.18,121.18,0,0,0,1.86,22.17h0A122.18,122.18,0,0,0,381,102.39a121.43,121.43,0,0,0,67,20.14Z\"><\/path><\/svg>\t\t\t\t\t<\/a>\n\t\t\t\t<\/span>\n\t\t\t\t\t\t\t<span class=\"elementor-grid-item\" role=\"listitem\">\n\t\t\t\t\t<a class=\"elementor-icon elementor-social-icon elementor-social-icon-youtube elementor-repeater-item-dfb06bf\" href=\"https:\/\/www.youtube.com\/@ShowMayvietnam\" target=\"_blank\">\n\t\t\t\t\t\t<span class=\"elementor-screen-only\">Youtube<\/span>\n\t\t\t\t\t\t<svg class=\"e-font-icon-svg e-fab-youtube\" viewBox=\"0 0 576 512\" xmlns=\"http:\/\/www.w3.org\/2000\/svg\"><path d=\"M549.655 124.083c-6.281-23.65-24.787-42.276-48.284-48.597C458.781 64 288 64 288 64S117.22 64 74.629 75.486c-23.497 6.322-42.003 24.947-48.284 48.597-11.412 42.867-11.412 132.305-11.412 132.305s0 89.438 11.412 132.305c6.281 23.65 24.787 41.5 48.284 47.821C117.22 448 288 448 288 448s170.78 0 213.371-11.486c23.497-6.321 42.003-24.171 48.284-47.821 11.412-42.867 11.412-132.305 11.412-132.305s0-89.438-11.412-132.305zm-317.51 213.508V175.185l142.739 81.205-142.739 81.201z\"><\/path><\/svg>\t\t\t\t\t<\/a>\n\t\t\t\t<\/span>\n\t\t\t\t\t<\/div>\n\t\t\t\t\t\t<\/div>\n\t\t\t\t<\/div>\n\t\t\t\t\t<\/div>\n\t\t<\/div>\n\t\t\t\t\t<\/div>\n\t\t<\/section>\n\t\t\t\t<\/div>\n\t\t","protected":false},"excerpt":{"rendered":"<p>Li\u00ean h\u1ec7 h\u1ee3p t\u00e1c, truy\u1ec1n th\u00f4ng &amp; t\u00e0i tr\u1ee3 C\u00d4NG TY C\u1ed4 PH\u1ea6N TRUY\u1ec0N TH\u00d4NG V\u00c0 S\u1ef0 KI\u1ec6N BACKSTAGE hello@mayshow.vn https:\/\/mayshow.vn 69 Ng. 279 P. \u0110\u1ed9i C\u1ea5n, Ng\u1ecdc H\u1ed3, Ba \u0110\u00ecnh, H\u00e0 N\u1ed9i Li\u00ean h\u1ec7 mua v\u00e9 Hotline: 08.1800.0389 Mua v\u00e9 cho doanh nghi\u1ec7p, h\u1ed9i nh\u00f3m Hotline: 08.1800.0389 Theo d\u00f5i ch\u00fang t\u00f4i Facebook-f Tiktok Youtube<\/p>\n","protected":false},"author":1,"featured_media":2278,"parent":0,"menu_order":0,"comment_status":"closed","ping_status":"closed","template":"elementor_header_footer","meta":{"footnotes":""},"class_list":["post-291","page","type-page","status-publish","has-post-thumbnail","hentry"],"yoast_head":"<!-- This site is optimized with the Yoast SEO plugin v24.7 - https:\/\/yoast.com\/wordpress\/plugins\/seo\/ -->\n<title>Li\u00ean h\u1ec7 - MAY Heritage<\/title>\n<meta name=\"robots\" content=\"index, follow, max-snippet:-1, max-image-preview:large, max-video-preview:-1\" \/>\n<link rel=\"canonical\" href=\"https:\/\/mayshow.vn\/vi\/lien-he\/\" \/>\n<meta property=\"og:locale\" content=\"vi_VN\" \/>\n<meta property=\"og:type\" content=\"article\" \/>\n<meta property=\"og:title\" content=\"Li\u00ean h\u1ec7 - MAY Heritage\" \/>\n<meta property=\"og:description\" content=\"Li\u00ean h\u1ec7 h\u1ee3p t\u00e1c, truy\u1ec1n th\u00f4ng &amp; t\u00e0i tr\u1ee3 C\u00d4NG TY C\u1ed4 PH\u1ea6N TRUY\u1ec0N TH\u00d4NG V\u00c0 S\u1ef0 KI\u1ec6N BACKSTAGE hello@mayshow.vn https:\/\/mayshow.vn 69 Ng. 279 P. \u0110\u1ed9i C\u1ea5n, Ng\u1ecdc H\u1ed3, Ba \u0110\u00ecnh, H\u00e0 N\u1ed9i Li\u00ean h\u1ec7 mua v\u00e9 Hotline: 08.1800.0389 Mua v\u00e9 cho doanh nghi\u1ec7p, h\u1ed9i nh\u00f3m Hotline: 08.1800.0389 Theo d\u00f5i ch\u00fang t\u00f4i Facebook-f Tiktok Youtube\" \/>\n<meta property=\"og:url\" content=\"https:\/\/mayshow.vn\/vi\/lien-he\/\" \/>\n<meta property=\"og:site_name\" content=\"MAY Heritage\" \/>\n<meta property=\"article:publisher\" content=\"https:\/\/www.facebook.com\/mayheritagevn\" \/>\n<meta property=\"article:modified_time\" content=\"2025-04-18T04:57:44+00:00\" \/>\n<meta property=\"og:image\" content=\"https:\/\/mayshow.vn\/wp-content\/uploads\/2019\/06\/e10.jpg\" \/>\n\t<meta property=\"og:image:width\" content=\"1921\" \/>\n\t<meta property=\"og:image:height\" content=\"739\" \/>\n\t<meta property=\"og:image:type\" content=\"image\/jpeg\" \/>\n<meta name=\"twitter:card\" content=\"summary_large_image\" \/>\n<meta name=\"twitter:label1\" content=\"\u01af\u1edbc t\u00ednh th\u1eddi gian \u0111\u1ecdc\" \/>\n\t<meta name=\"twitter:data1\" content=\"1 ph\u00fat\" \/>\n<script type=\"application\/ld+json\" class=\"yoast-schema-graph\">{\"@context\":\"https:\/\/schema.org\",\"@graph\":[{\"@type\":\"WebPage\",\"@id\":\"https:\/\/mayshow.vn\/lien-he\/\",\"url\":\"https:\/\/mayshow.vn\/lien-he\/\",\"name\":\"Li\u00ean h\u1ec7 - MAY Heritage\",\"isPartOf\":{\"@id\":\"https:\/\/mayshow.vn\/#website\"},\"primaryImageOfPage\":{\"@id\":\"https:\/\/mayshow.vn\/lien-he\/#primaryimage\"},\"image\":{\"@id\":\"https:\/\/mayshow.vn\/lien-he\/#primaryimage\"},\"thumbnailUrl\":\"https:\/\/mayshow.vn\/wp-content\/uploads\/2019\/06\/e10.jpg\",\"datePublished\":\"2019-07-01T09:02:40+00:00\",\"dateModified\":\"2025-04-18T04:57:44+00:00\",\"breadcrumb\":{\"@id\":\"https:\/\/mayshow.vn\/lien-he\/#breadcrumb\"},\"inLanguage\":\"vi\",\"potentialAction\":[{\"@type\":\"ReadAction\",\"target\":[\"https:\/\/mayshow.vn\/lien-he\/\"]}]},{\"@type\":\"ImageObject\",\"inLanguage\":\"vi\",\"@id\":\"https:\/\/mayshow.vn\/lien-he\/#primaryimage\",\"url\":\"https:\/\/mayshow.vn\/wp-content\/uploads\/2019\/06\/e10.jpg\",\"contentUrl\":\"https:\/\/mayshow.vn\/wp-content\/uploads\/2019\/06\/e10.jpg\",\"width\":1921,\"height\":739},{\"@type\":\"BreadcrumbList\",\"@id\":\"https:\/\/mayshow.vn\/lien-he\/#breadcrumb\",\"itemListElement\":[{\"@type\":\"ListItem\",\"position\":1,\"name\":\"Trang ch\u1ee7\",\"item\":\"https:\/\/mayshow.vn\/\"},{\"@type\":\"ListItem\",\"position\":2,\"name\":\"Li\u00ean h\u1ec7\"}]},{\"@type\":\"WebSite\",\"@id\":\"https:\/\/mayshow.vn\/#website\",\"url\":\"https:\/\/mayshow.vn\/\",\"name\":\"MAY Heritage\",\"description\":\"Chu\u1ed7i ch\u01b0\u01a1ng tr\u00ecnh tr\u1ea3i nghi\u1ec7m \u00c2m Nh\u1ea1c - V\u0103n H\u00f3a - Du L\u1ecbch\",\"publisher\":{\"@id\":\"https:\/\/mayshow.vn\/#organization\"},\"potentialAction\":[{\"@type\":\"SearchAction\",\"target\":{\"@type\":\"EntryPoint\",\"urlTemplate\":\"https:\/\/mayshow.vn\/?s={search_term_string}\"},\"query-input\":{\"@type\":\"PropertyValueSpecification\",\"valueRequired\":true,\"valueName\":\"search_term_string\"}}],\"inLanguage\":\"vi\"},{\"@type\":\"Organization\",\"@id\":\"https:\/\/mayshow.vn\/#organization\",\"name\":\"MAY Heritage\",\"url\":\"https:\/\/mayshow.vn\/\",\"logo\":{\"@type\":\"ImageObject\",\"inLanguage\":\"vi\",\"@id\":\"https:\/\/mayshow.vn\/#\/schema\/logo\/image\/\",\"url\":\"https:\/\/mayshow.vn\/wp-content\/uploads\/2025\/03\/AVT-2_resize.jpg\",\"contentUrl\":\"https:\/\/mayshow.vn\/wp-content\/uploads\/2025\/03\/AVT-2_resize.jpg\",\"width\":450,\"height\":209,\"caption\":\"MAY Heritage\"},\"image\":{\"@id\":\"https:\/\/mayshow.vn\/#\/schema\/logo\/image\/\"},\"sameAs\":[\"https:\/\/www.facebook.com\/mayheritagevn\",\"https:\/\/www.tiktok.com\/@mayshow.vn\"]}]}<\/script>\n<!-- \/ Yoast SEO plugin. -->","yoast_head_json":{"title":"Li\u00ean h\u1ec7 - MAY Heritage","robots":{"index":"index","follow":"follow","max-snippet":"max-snippet:-1","max-image-preview":"max-image-preview:large","max-video-preview":"max-video-preview:-1"},"canonical":"https:\/\/mayshow.vn\/vi\/lien-he\/","og_locale":"vi_VN","og_type":"article","og_title":"Li\u00ean h\u1ec7 - MAY Heritage","og_description":"Li\u00ean h\u1ec7 h\u1ee3p t\u00e1c, truy\u1ec1n th\u00f4ng &amp; t\u00e0i tr\u1ee3 C\u00d4NG TY C\u1ed4 PH\u1ea6N TRUY\u1ec0N TH\u00d4NG V\u00c0 S\u1ef0 KI\u1ec6N BACKSTAGE hello@mayshow.vn https:\/\/mayshow.vn 69 Ng. 279 P. \u0110\u1ed9i C\u1ea5n, Ng\u1ecdc H\u1ed3, Ba \u0110\u00ecnh, H\u00e0 N\u1ed9i Li\u00ean h\u1ec7 mua v\u00e9 Hotline: 08.1800.0389 Mua v\u00e9 cho doanh nghi\u1ec7p, h\u1ed9i nh\u00f3m Hotline: 08.1800.0389 Theo d\u00f5i ch\u00fang t\u00f4i Facebook-f Tiktok Youtube","og_url":"https:\/\/mayshow.vn\/vi\/lien-he\/","og_site_name":"MAY Heritage","article_publisher":"https:\/\/www.facebook.com\/mayheritagevn","article_modified_time":"2025-04-18T04:57:44+00:00","og_image":[{"width":1921,"height":739,"url":"https:\/\/mayshow.vn\/wp-content\/uploads\/2019\/06\/e10.jpg","type":"image\/jpeg"}],"twitter_card":"summary_large_image","twitter_misc":{"\u01af\u1edbc t\u00ednh th\u1eddi gian \u0111\u1ecdc":"1 ph\u00fat"},"schema":{"@context":"https:\/\/schema.org","@graph":[{"@type":"WebPage","@id":"https:\/\/mayshow.vn\/lien-he\/","url":"https:\/\/mayshow.vn\/lien-he\/","name":"Li\u00ean h\u1ec7 - MAY Heritage","isPartOf":{"@id":"https:\/\/mayshow.vn\/#website"},"primaryImageOfPage":{"@id":"https:\/\/mayshow.vn\/lien-he\/#primaryimage"},"image":{"@id":"https:\/\/mayshow.vn\/lien-he\/#primaryimage"},"thumbnailUrl":"https:\/\/mayshow.vn\/wp-content\/uploads\/2019\/06\/e10.jpg","datePublished":"2019-07-01T09:02:40+00:00","dateModified":"2025-04-18T04:57:44+00:00","breadcrumb":{"@id":"https:\/\/mayshow.vn\/lien-he\/#breadcrumb"},"inLanguage":"vi","potentialAction":[{"@type":"ReadAction","target":["https:\/\/mayshow.vn\/lien-he\/"]}]},{"@type":"ImageObject","inLanguage":"vi","@id":"https:\/\/mayshow.vn\/lien-he\/#primaryimage","url":"https:\/\/mayshow.vn\/wp-content\/uploads\/2019\/06\/e10.jpg","contentUrl":"https:\/\/mayshow.vn\/wp-content\/uploads\/2019\/06\/e10.jpg","width":1921,"height":739},{"@type":"BreadcrumbList","@id":"https:\/\/mayshow.vn\/lien-he\/#breadcrumb","itemListElement":[{"@type":"ListItem","position":1,"name":"Trang ch\u1ee7","item":"https:\/\/mayshow.vn\/"},{"@type":"ListItem","position":2,"name":"Li\u00ean h\u1ec7"}]},{"@type":"WebSite","@id":"https:\/\/mayshow.vn\/#website","url":"https:\/\/mayshow.vn\/","name":"MAY Heritage","description":"Chu\u1ed7i ch\u01b0\u01a1ng tr\u00ecnh tr\u1ea3i nghi\u1ec7m \u00c2m Nh\u1ea1c - V\u0103n H\u00f3a - Du L\u1ecbch","publisher":{"@id":"https:\/\/mayshow.vn\/#organization"},"potentialAction":[{"@type":"SearchAction","target":{"@type":"EntryPoint","urlTemplate":"https:\/\/mayshow.vn\/?s={search_term_string}"},"query-input":{"@type":"PropertyValueSpecification","valueRequired":true,"valueName":"search_term_string"}}],"inLanguage":"vi"},{"@type":"Organization","@id":"https:\/\/mayshow.vn\/#organization","name":"MAY Heritage","url":"https:\/\/mayshow.vn\/","logo":{"@type":"ImageObject","inLanguage":"vi","@id":"https:\/\/mayshow.vn\/#\/schema\/logo\/image\/","url":"https:\/\/mayshow.vn\/wp-content\/uploads\/2025\/03\/AVT-2_resize.jpg","contentUrl":"https:\/\/mayshow.vn\/wp-content\/uploads\/2025\/03\/AVT-2_resize.jpg","width":450,"height":209,"caption":"MAY Heritage"},"image":{"@id":"https:\/\/mayshow.vn\/#\/schema\/logo\/image\/"},"sameAs":["https:\/\/www.facebook.com\/mayheritagevn","https:\/\/www.tiktok.com\/@mayshow.vn"]}]}},"_links":{"self":[{"href":"https:\/\/mayshow.vn\/vi\/wp-json\/wp\/v2\/pages\/291","targetHints":{"allow":["GET"]}}],"collection":[{"href":"https:\/\/mayshow.vn\/vi\/wp-json\/wp\/v2\/pages"}],"about":[{"href":"https:\/\/mayshow.vn\/vi\/wp-json\/wp\/v2\/types\/page"}],"author":[{"embeddable":true,"href":"https:\/\/mayshow.vn\/vi\/wp-json\/wp\/v2\/users\/1"}],"replies":[{"embeddable":true,"href":"https:\/\/mayshow.vn\/vi\/wp-json\/wp\/v2\/comments?post=291"}],"version-history":[{"count":67,"href":"https:\/\/mayshow.vn\/vi\/wp-json\/wp\/v2\/pages\/291\/revisions"}],"predecessor-version":[{"id":29450,"href":"https:\/\/mayshow.vn\/vi\/wp-json\/wp\/v2\/pages\/291\/revisions\/29450"}],"wp:featuredmedia":[{"embeddable":true,"href":"https:\/\/mayshow.vn\/vi\/wp-json\/wp\/v2\/media\/2278"}],"wp:attachment":[{"href":"https:\/\/mayshow.vn\/vi\/wp-json\/wp\/v2\/media?parent=291"}],"curies":[{"name":"wp","href":"https:\/\/api.w.org\/{rel}","templated":true}]}}