{"id":32851,"date":"2025-04-25T16:09:26","date_gmt":"2025-04-25T09:09:26","guid":{"rendered":"https:\/\/mayshow.vn\/?page_id=32851"},"modified":"2025-04-25T18:27:32","modified_gmt":"2025-04-25T11:27:32","slug":"tin-tuc","status":"publish","type":"page","link":"https:\/\/mayshow.vn\/vi\/tin-tuc\/","title":{"rendered":"Tin t\u1ee9c"},"content":{"rendered":"\t\t<div data-elementor-type=\"wp-page\" data-elementor-id=\"32851\" class=\"elementor elementor-32851\">\n\t\t\t\t\t\t<section class=\"elementor-section elementor-top-section elementor-element elementor-element-2fbd0ae2 elementor-section-boxed elementor-section-height-default elementor-section-height-default\" data-id=\"2fbd0ae2\" data-element_type=\"section\">\n\t\t\t\t\t\t<div class=\"elementor-container elementor-column-gap-default\">\n\t\t\t\t\t<div class=\"elementor-column elementor-col-100 elementor-top-column elementor-element elementor-element-7c5fc688\" data-id=\"7c5fc688\" data-element_type=\"column\">\n\t\t\t<div class=\"elementor-widget-wrap elementor-element-populated\">\n\t\t\t\t\t\t<div class=\"elementor-element elementor-element-1c818ca premium-blog-align-left premium-blog-align-left elementor-widget elementor-widget-premium-addon-blog\" data-id=\"1c818ca\" data-element_type=\"widget\" data-settings=\"{&quot;premium_blog_columns_number&quot;:&quot;100%&quot;,&quot;force_height&quot;:&quot;true&quot;,&quot;premium_blog_grid&quot;:&quot;yes&quot;,&quot;premium_blog_layout&quot;:&quot;even&quot;,&quot;premium_blog_columns_number_tablet&quot;:&quot;50%&quot;,&quot;premium_blog_columns_number_mobile&quot;:&quot;100%&quot;,&quot;scroll_to_offset&quot;:&quot;yes&quot;}\" data-widget_type=\"premium-addon-blog.default\">\n\t\t\t\t<div class=\"elementor-widget-container\">\n\t\t\t\t\t\r\n\t\t\t\t<div class=\"premium-blog-wrap  premium-blog-even\" data-page=\"32851\" data-pagination=\"true\">\r\n\t\t\t\t\t<div class=\"premium-blog-post-outer-container\" data-total=\"7\">\r\n\t\t\t<div class=\"premium-blog-post-container premium-blog-skin-side\">\r\n\t\t\t\t\t\t\t\t\t<div class=\"premium-blog-thumb-effect-wrapper\">\r\n\t\t\t\t\t\t<div class=\"premium-blog-thumbnail-container premium-blog-zoomin-effect\">\r\n\t\t\t\t\t\t\t<img fetchpriority=\"high\" decoding=\"async\" width=\"1920\" height=\"1200\" src=\"https:\/\/mayshow.vn\/wp-content\/uploads\/2025\/05\/gam-voc-hoa-lu-4.png\" class=\"attachment-full size-full wp-image-35370\" alt=\"\" srcset=\"https:\/\/mayshow.vn\/wp-content\/uploads\/2025\/05\/gam-voc-hoa-lu-4.png 1920w, https:\/\/mayshow.vn\/wp-content\/uploads\/2025\/05\/gam-voc-hoa-lu-4-1536x960.png 1536w, https:\/\/mayshow.vn\/wp-content\/uploads\/2025\/05\/gam-voc-hoa-lu-4-18x12.png 18w, https:\/\/mayshow.vn\/wp-content\/uploads\/2025\/05\/gam-voc-hoa-lu-4-150x94.png 150w, https:\/\/mayshow.vn\/wp-content\/uploads\/2025\/05\/gam-voc-hoa-lu-4-710x444.png 710w\" sizes=\"(max-width: 1920px) 100vw, 1920px\" \/>\t\t\t\t\t\t<\/div>\r\n\t\t\t\t\t\t\t\t\t\t\t\t\t<div class=\"premium-blog-thumbnail-overlay\">\r\n\t\t\t\t\t\t\t\t<a class=\"elementor-icon\" href=\"https:\/\/mayshow.vn\/vi\/gam-voc-hoa-lu-ton-vinh-viet-phuc-tren-dong-song-di-san\/\" target=\"_blank\"><span>&#8220;G\u1ea5m V\u00f3c Hoa L\u01b0&#8221;: T\u00f4n vinh Vi\u1ec7t ph\u1ee5c tr\u00ean d\u00f2ng s\u00f4ng di s\u1ea3n<\/span><\/a>\r\n\t\t\t\t\t\t\t<\/div>\r\n\r\n\t\t\t\t\t\t\t\t\t\t\t\t\t\t\t\t\t\t<\/div>\r\n\t\t\t\t\t\t\t\t\t\t\t\t<div class=\"premium-blog-content-wrapper \">\r\n\r\n\t\t\t\t\t<div class=\"premium-blog-inner-container\">\r\n\r\n\t\t\t\t\t\t\t\t\t\t\t\t\t<div class=\"premium-blog-cats-container\">\r\n\t\t\t\t\t\t\t\t<ul class=\"post-categories\">\r\n\t\t\t\t\t\t\t\t\t<li><a href=\"https:\/\/mayshow.vn\/vi\/category\/mayshow\/\" class=\"elementor-repeater-item-52f05d5\">May Show<\/a><\/li>\t\t\t\t\t\t\t\t<\/ul>\r\n\t\t\t\t\t\t\t<\/div>\r\n\t\t\t\t\t\t\t\t\t\t\t\t\t\t<h2 class=\"premium-blog-entry-title\">\r\n\t\t\t<a href=\"https:\/\/mayshow.vn\/vi\/gam-voc-hoa-lu-ton-vinh-viet-phuc-tren-dong-song-di-san\/\" target=\"_blank\">\r\n\t\t\t\t&#8220;G\u1ea5m V\u00f3c Hoa L\u01b0&#8221;: T\u00f4n vinh Vi\u1ec7t ph\u1ee5c tr\u00ean d\u00f2ng s\u00f4ng di s\u1ea3n\t\t\t<\/a>\r\n\t\t<\/h2>\r\n\t\t\t\t<div class=\"premium-blog-entry-meta\">\r\n\t\t\t\t\t\t\t<div class=\"premium-blog-post-author premium-blog-meta-data\">\r\n\t\t\t\t\t<i class=\"fa fa-user fa-fw\" aria-hidden=\"true\"><\/i>\r\n\t\t\t\t\t<a href=\"https:\/\/mayshow.vn\/vi\/author\/ngatran-backstagegmail-com\/\" title=\"\u0110\u0103ng b\u1edfi Nga Tran\" rel=\"author\">Nga Tran<\/a>\t\t\t\t<\/div>\r\n\t\t\t\r\n\t\t\t\t\t\t\t<span class=\"premium-blog-meta-separator\">\u2022<\/span>\r\n\t\t\t\t<div class=\"premium-blog-post-time premium-blog-meta-data\">\r\n\t\t\t\t\t<i class=\"fa fa-calendar-alt\" aria-hidden=\"true\"><\/i>\r\n\t\t\t\t\t<span>01\/05\/2025<\/span>\r\n\t\t\t\t<\/div>\r\n\t\t\t\r\n\t\t\t\r\n\t\t\t\t\t\t\t<span class=\"premium-blog-meta-separator\">\u2022<\/span>\r\n\t\t\t\t<div class=\"premium-blog-post-comments premium-blog-meta-data\">\r\n\t\t\t\t\t<i class=\"fa fa-comments-o fa-fw\" aria-hidden=\"true\"><\/i>\r\n\t\t\t\t\t<span>No Comments<\/span>\t\t\t\t<\/div>\r\n\t\t\t\t\t<\/div>\r\n\t\t\r\n\t\t\t\t\t<\/div>\r\n\r\n\t\t\t\t\t\t\t<div class=\"premium-blog-content-inner-wrapper\">\r\n\t\t<p class=\"premium-blog-post-content\">M\u1edf m\u00e0n cho chu\u1ed7i ho\u1ea1t \u0111\u1ed9ng N\u00f3n L\u00e1 \u2013 Vietnam Festival, s\u1ef1 ki\u1ec7n &#8220;G\u1ea5m V\u00f3c Hoa L\u01b0&#8221; \u0111\u00e3 di\u1ec5n ra t\u1ea1i Ninh \u2026<\/p>\t\t<\/div>\r\n\t\t\t\t\t\t\t\r\n\t\t\t\t<\/div>\r\n\t\t\t<\/div>\r\n\t\t<\/div>\r\n\r\n\t\t\t\t<div class=\"premium-blog-post-outer-container\" data-total=\"7\">\r\n\t\t\t<div class=\"premium-blog-post-container premium-blog-skin-side\">\r\n\t\t\t\t\t\t\t\t\t<div class=\"premium-blog-thumb-effect-wrapper\">\r\n\t\t\t\t\t\t<div class=\"premium-blog-thumbnail-container premium-blog-zoomin-effect\">\r\n\t\t\t\t\t\t\t<img decoding=\"async\" width=\"2560\" height=\"1600\" src=\"https:\/\/mayshow.vn\/wp-content\/uploads\/2025\/04\/khai-mac-scaled.png\" class=\"attachment-full size-full wp-image-35168\" alt=\"\" srcset=\"https:\/\/mayshow.vn\/wp-content\/uploads\/2025\/04\/khai-mac-scaled.png 2560w, https:\/\/mayshow.vn\/wp-content\/uploads\/2025\/04\/khai-mac-1536x960.png 1536w, https:\/\/mayshow.vn\/wp-content\/uploads\/2025\/04\/khai-mac-2048x1280.png 2048w, https:\/\/mayshow.vn\/wp-content\/uploads\/2025\/04\/khai-mac-18x12.png 18w, https:\/\/mayshow.vn\/wp-content\/uploads\/2025\/04\/khai-mac-150x94.png 150w, https:\/\/mayshow.vn\/wp-content\/uploads\/2025\/04\/khai-mac-710x444.png 710w\" sizes=\"(max-width: 2560px) 100vw, 2560px\" \/>\t\t\t\t\t\t<\/div>\r\n\t\t\t\t\t\t\t\t\t\t\t\t\t<div class=\"premium-blog-thumbnail-overlay\">\r\n\t\t\t\t\t\t\t\t<a class=\"elementor-icon\" href=\"https:\/\/mayshow.vn\/vi\/khai-mac-le-hoi-non-la-vietnam-festival-2025-hanh-trinh-nghe-thuat-tren-di-san\/\" target=\"_blank\"><span>Khai m\u1ea1c l\u1ec5 h\u1ed9i \u201cN\u00f3n L\u00e1 \u2013 Vietnam Festival 2025\u201d: H\u00e0nh tr\u00ecnh ngh\u1ec7 thu\u1eadt tr\u00ean di s\u1ea3n<\/span><\/a>\r\n\t\t\t\t\t\t\t<\/div>\r\n\r\n\t\t\t\t\t\t\t\t\t\t\t\t\t\t\t\t\t\t<\/div>\r\n\t\t\t\t\t\t\t\t\t\t\t\t<div class=\"premium-blog-content-wrapper \">\r\n\r\n\t\t\t\t\t<div class=\"premium-blog-inner-container\">\r\n\r\n\t\t\t\t\t\t\t\t\t\t\t\t\t<div class=\"premium-blog-cats-container\">\r\n\t\t\t\t\t\t\t\t<ul class=\"post-categories\">\r\n\t\t\t\t\t\t\t\t\t<li><a href=\"https:\/\/mayshow.vn\/vi\/category\/mayshow\/\" class=\"elementor-repeater-item-52f05d5\">May Show<\/a><\/li>\t\t\t\t\t\t\t\t<\/ul>\r\n\t\t\t\t\t\t\t<\/div>\r\n\t\t\t\t\t\t\t\t\t\t\t\t\t\t<h2 class=\"premium-blog-entry-title\">\r\n\t\t\t<a href=\"https:\/\/mayshow.vn\/vi\/khai-mac-le-hoi-non-la-vietnam-festival-2025-hanh-trinh-nghe-thuat-tren-di-san\/\" target=\"_blank\">\r\n\t\t\t\tKhai m\u1ea1c l\u1ec5 h\u1ed9i \u201cN\u00f3n L\u00e1 \u2013 Vietnam Festival 2025\u201d: H\u00e0nh tr\u00ecnh ngh\u1ec7 thu\u1eadt tr\u00ean di s\u1ea3n\t\t\t<\/a>\r\n\t\t<\/h2>\r\n\t\t\t\t<div class=\"premium-blog-entry-meta\">\r\n\t\t\t\t\t\t\t<div class=\"premium-blog-post-author premium-blog-meta-data\">\r\n\t\t\t\t\t<i class=\"fa fa-user fa-fw\" aria-hidden=\"true\"><\/i>\r\n\t\t\t\t\t<a href=\"https:\/\/mayshow.vn\/vi\/author\/ngatran-backstagegmail-com\/\" title=\"\u0110\u0103ng b\u1edfi Nga Tran\" rel=\"author\">Nga Tran<\/a>\t\t\t\t<\/div>\r\n\t\t\t\r\n\t\t\t\t\t\t\t<span class=\"premium-blog-meta-separator\">\u2022<\/span>\r\n\t\t\t\t<div class=\"premium-blog-post-time premium-blog-meta-data\">\r\n\t\t\t\t\t<i class=\"fa fa-calendar-alt\" aria-hidden=\"true\"><\/i>\r\n\t\t\t\t\t<span>30\/04\/2025<\/span>\r\n\t\t\t\t<\/div>\r\n\t\t\t\r\n\t\t\t\r\n\t\t\t\t\t\t\t<span class=\"premium-blog-meta-separator\">\u2022<\/span>\r\n\t\t\t\t<div class=\"premium-blog-post-comments premium-blog-meta-data\">\r\n\t\t\t\t\t<i class=\"fa fa-comments-o fa-fw\" aria-hidden=\"true\"><\/i>\r\n\t\t\t\t\t<span>No Comments<\/span>\t\t\t\t<\/div>\r\n\t\t\t\t\t<\/div>\r\n\t\t\r\n\t\t\t\t\t<\/div>\r\n\r\n\t\t\t\t\t\t\t<div class=\"premium-blog-content-inner-wrapper\">\r\n\t\t<p class=\"premium-blog-post-content\">S\u00e1ng ng\u00e0y 30\/4, t\u1ea1i C\u1ed5ng khu du l\u1ecbch Tr\u00e0ng An (Ninh B\u00ecnh), l\u1ec5 khai m\u1ea1c chu\u1ed7i s\u1ef1 ki\u1ec7n N\u00f3n L\u00e1 \u2013 Vietnam \u2026<\/p>\t\t<\/div>\r\n\t\t\t\t\t\t\t\r\n\t\t\t\t<\/div>\r\n\t\t\t<\/div>\r\n\t\t<\/div>\r\n\r\n\t\t\t\t<div class=\"premium-blog-post-outer-container\" data-total=\"7\">\r\n\t\t\t<div class=\"premium-blog-post-container premium-blog-skin-side\">\r\n\t\t\t\t\t\t\t\t\t<div class=\"premium-blog-thumb-effect-wrapper\">\r\n\t\t\t\t\t\t<div class=\"premium-blog-thumbnail-container premium-blog-zoomin-effect\">\r\n\t\t\t\t\t\t\t<img decoding=\"async\" src=\"https:\/\/mayshow.vn\/wp-content\/uploads\/2025\/04\/Rohto.png\" class=\"attachment-full size-full wp-image-34363\" alt=\"\" \/>\t\t\t\t\t\t<\/div>\r\n\t\t\t\t\t\t\t\t\t\t\t\t\t<div class=\"premium-blog-thumbnail-overlay\">\r\n\t\t\t\t\t\t\t\t<a class=\"elementor-icon\" href=\"https:\/\/mayshow.vn\/vi\/non-la-vietnam-festival-2025-tran-trong-cong-bo-2-nha-tai-tro-dong-hanh-rohto-mentholatum-viet-nam\/\" target=\"_blank\"><span>N\u00d3N L\u00c1 &#8211; VIETNAM FESTIVAL 2025 TR\u00c2N TR\u1eccNG C\u00d4NG B\u1ed0 NH\u00c0 T\u00c0I TR\u1ee2 \u0110\u1ed2NG H\u00c0NH: ROHTO-MENTHOLATUM VI\u1ec6T NAM<\/span><\/a>\r\n\t\t\t\t\t\t\t<\/div>\r\n\r\n\t\t\t\t\t\t\t\t\t\t\t\t\t\t\t\t\t\t<\/div>\r\n\t\t\t\t\t\t\t\t\t\t\t\t<div class=\"premium-blog-content-wrapper \">\r\n\r\n\t\t\t\t\t<div class=\"premium-blog-inner-container\">\r\n\r\n\t\t\t\t\t\t\t\t\t\t\t\t\t<div class=\"premium-blog-cats-container\">\r\n\t\t\t\t\t\t\t\t<ul class=\"post-categories\">\r\n\t\t\t\t\t\t\t\t\t<li><a href=\"https:\/\/mayshow.vn\/vi\/category\/mayshow\/\" class=\"elementor-repeater-item-52f05d5\">May Show<\/a><\/li>\t\t\t\t\t\t\t\t<\/ul>\r\n\t\t\t\t\t\t\t<\/div>\r\n\t\t\t\t\t\t\t\t\t\t\t\t\t\t<h2 class=\"premium-blog-entry-title\">\r\n\t\t\t<a href=\"https:\/\/mayshow.vn\/vi\/non-la-vietnam-festival-2025-tran-trong-cong-bo-2-nha-tai-tro-dong-hanh-rohto-mentholatum-viet-nam\/\" target=\"_blank\">\r\n\t\t\t\tN\u00d3N L\u00c1 &#8211; VIETNAM FESTIVAL 2025 TR\u00c2N TR\u1eccNG C\u00d4NG B\u1ed0 NH\u00c0 T\u00c0I TR\u1ee2 \u0110\u1ed2NG H\u00c0NH: ROHTO-MENTHOLATUM VI\u1ec6T NAM\t\t\t<\/a>\r\n\t\t<\/h2>\r\n\t\t\t\t<div class=\"premium-blog-entry-meta\">\r\n\t\t\t\t\t\t\t<div class=\"premium-blog-post-author premium-blog-meta-data\">\r\n\t\t\t\t\t<i class=\"fa fa-user fa-fw\" aria-hidden=\"true\"><\/i>\r\n\t\t\t\t\t<a href=\"https:\/\/mayshow.vn\/vi\/author\/ngatran-backstagegmail-com\/\" title=\"\u0110\u0103ng b\u1edfi Nga Tran\" rel=\"author\">Nga Tran<\/a>\t\t\t\t<\/div>\r\n\t\t\t\r\n\t\t\t\t\t\t\t<span class=\"premium-blog-meta-separator\">\u2022<\/span>\r\n\t\t\t\t<div class=\"premium-blog-post-time premium-blog-meta-data\">\r\n\t\t\t\t\t<i class=\"fa fa-calendar-alt\" aria-hidden=\"true\"><\/i>\r\n\t\t\t\t\t<span>29\/04\/2025<\/span>\r\n\t\t\t\t<\/div>\r\n\t\t\t\r\n\t\t\t\r\n\t\t\t\t\t\t\t<span class=\"premium-blog-meta-separator\">\u2022<\/span>\r\n\t\t\t\t<div class=\"premium-blog-post-comments premium-blog-meta-data\">\r\n\t\t\t\t\t<i class=\"fa fa-comments-o fa-fw\" aria-hidden=\"true\"><\/i>\r\n\t\t\t\t\t<span>No Comments<\/span>\t\t\t\t<\/div>\r\n\t\t\t\t\t<\/div>\r\n\t\t\r\n\t\t\t\t\t<\/div>\r\n\r\n\t\t\t\t\t\t\t<div class=\"premium-blog-content-inner-wrapper\">\r\n\t\t<p class=\"premium-blog-post-content\">L\u00e0 m\u1ed9t c\u00f4ng ty d\u01b0\u1ee3c ph\u1ea9m v\u00e0 ch\u0103m s\u00f3c s\u1ee9c kh\u1ecfe h\u00e0ng \u0111\u1ea7u \u0111\u1ebfn t\u1eeb Nh\u1eadt B\u1ea3n, Rohto-Mentholatum (Vi\u1ec7t Nam) \u0111\u00e3 c\u00f3 \u2026<\/p>\t\t<\/div>\r\n\t\t\t\t\t\t\t\r\n\t\t\t\t<\/div>\r\n\t\t\t<\/div>\r\n\t\t<\/div>\r\n\r\n\t\t\t\t<div class=\"premium-blog-post-outer-container\" data-total=\"7\">\r\n\t\t\t<div class=\"premium-blog-post-container premium-blog-skin-side\">\r\n\t\t\t\t\t\t\t\t\t<div class=\"premium-blog-thumb-effect-wrapper\">\r\n\t\t\t\t\t\t<div class=\"premium-blog-thumbnail-container premium-blog-zoomin-effect\">\r\n\t\t\t\t\t\t\t<img decoding=\"async\" src=\"https:\/\/mayshow.vn\/wp-content\/uploads\/2025\/04\/Vstyle.png\" class=\"attachment-full size-full wp-image-34303\" alt=\"\" \/>\t\t\t\t\t\t<\/div>\r\n\t\t\t\t\t\t\t\t\t\t\t\t\t<div class=\"premium-blog-thumbnail-overlay\">\r\n\t\t\t\t\t\t\t\t<a class=\"elementor-icon\" href=\"https:\/\/mayshow.vn\/vi\/vstyle-viet-co-phuc-nha-tai-tro-dong-hanh-cung-non-la-vietnam-festival-2025\/\" target=\"_blank\"><span>V&#8217;STYLE &#8211; VI\u1ec6T C\u1ed4 PH\u1ee4C: NH\u00c0 T\u00c0I TR\u1ee2 \u0110\u1ed2NG H\u00c0NH C\u00d9NG N\u00d3N L\u00c1 VIETNAM FESTIVAL 2025<\/span><\/a>\r\n\t\t\t\t\t\t\t<\/div>\r\n\r\n\t\t\t\t\t\t\t\t\t\t\t\t\t\t\t\t\t\t<\/div>\r\n\t\t\t\t\t\t\t\t\t\t\t\t<div class=\"premium-blog-content-wrapper \">\r\n\r\n\t\t\t\t\t<div class=\"premium-blog-inner-container\">\r\n\r\n\t\t\t\t\t\t\t\t\t\t\t\t\t<div class=\"premium-blog-cats-container\">\r\n\t\t\t\t\t\t\t\t<ul class=\"post-categories\">\r\n\t\t\t\t\t\t\t\t\t<li><a href=\"https:\/\/mayshow.vn\/vi\/category\/mayshow\/\" class=\"elementor-repeater-item-52f05d5\">May Show<\/a><\/li>\t\t\t\t\t\t\t\t<\/ul>\r\n\t\t\t\t\t\t\t<\/div>\r\n\t\t\t\t\t\t\t\t\t\t\t\t\t\t<h2 class=\"premium-blog-entry-title\">\r\n\t\t\t<a href=\"https:\/\/mayshow.vn\/vi\/vstyle-viet-co-phuc-nha-tai-tro-dong-hanh-cung-non-la-vietnam-festival-2025\/\" target=\"_blank\">\r\n\t\t\t\tV&#8217;STYLE &#8211; VI\u1ec6T C\u1ed4 PH\u1ee4C: NH\u00c0 T\u00c0I TR\u1ee2 \u0110\u1ed2NG H\u00c0NH C\u00d9NG N\u00d3N L\u00c1 VIETNAM FESTIVAL 2025\t\t\t<\/a>\r\n\t\t<\/h2>\r\n\t\t\t\t<div class=\"premium-blog-entry-meta\">\r\n\t\t\t\t\t\t\t<div class=\"premium-blog-post-author premium-blog-meta-data\">\r\n\t\t\t\t\t<i class=\"fa fa-user fa-fw\" aria-hidden=\"true\"><\/i>\r\n\t\t\t\t\t<a href=\"https:\/\/mayshow.vn\/vi\/author\/ngatran-backstagegmail-com\/\" title=\"\u0110\u0103ng b\u1edfi Nga Tran\" rel=\"author\">Nga Tran<\/a>\t\t\t\t<\/div>\r\n\t\t\t\r\n\t\t\t\t\t\t\t<span class=\"premium-blog-meta-separator\">\u2022<\/span>\r\n\t\t\t\t<div class=\"premium-blog-post-time premium-blog-meta-data\">\r\n\t\t\t\t\t<i class=\"fa fa-calendar-alt\" aria-hidden=\"true\"><\/i>\r\n\t\t\t\t\t<span>29\/04\/2025<\/span>\r\n\t\t\t\t<\/div>\r\n\t\t\t\r\n\t\t\t\r\n\t\t\t\t\t\t\t<span class=\"premium-blog-meta-separator\">\u2022<\/span>\r\n\t\t\t\t<div class=\"premium-blog-post-comments premium-blog-meta-data\">\r\n\t\t\t\t\t<i class=\"fa fa-comments-o fa-fw\" aria-hidden=\"true\"><\/i>\r\n\t\t\t\t\t<span>No Comments<\/span>\t\t\t\t<\/div>\r\n\t\t\t\t\t<\/div>\r\n\t\t\r\n\t\t\t\t\t<\/div>\r\n\r\n\t\t\t\t\t\t\t<div class=\"premium-blog-content-inner-wrapper\">\r\n\t\t<p class=\"premium-blog-post-content\">V&#8217;style &#8211; Vi\u1ec7t C\u1ed5 Ph\u1ee5c l\u00e0 m\u1ed9t th\u01b0\u01a1ng hi\u1ec7u chuy\u00ean thi\u1ebft k\u1ebf, s\u1ea3n xu\u1ea5t v\u00e0 cho thu\u00ea trang ph\u1ee5c c\u1ed5 ph\u1ee5c Vi\u1ec7t \u2026<\/p>\t\t<\/div>\r\n\t\t\t\t\t\t\t\r\n\t\t\t\t<\/div>\r\n\t\t\t<\/div>\r\n\t\t<\/div>\r\n\r\n\t\t\t\t<\/div>\r\n\r\n\t\t\t\t<div class=\"premium-blog-footer\">\r\n\t\t\t\t\t\t<nav class=\"premium-blog-pagination-container\" role=\"navigation\" aria-label=\"Pagination\">\r\n\t\t\t\t<span aria-current=\"page\" class=\"page-numbers current\">1<\/span>\n<a class=\"page-numbers\" href=\"https:\/\/mayshow.vn\/vi\/wp-json\/wp\/v2\/pages\/32851\/page\/2\/\">2<\/a>\n<a class=\"page-numbers\" href=\"https:\/\/mayshow.vn\/vi\/wp-json\/wp\/v2\/pages\/32851\/page\/3\/\">3<\/a>\n<span class=\"page-numbers dots\">&hellip;<\/span>\n<a class=\"page-numbers\" href=\"https:\/\/mayshow.vn\/vi\/wp-json\/wp\/v2\/pages\/32851\/page\/7\/\">7<\/a>\n<a class=\"next page-numbers\" href=\"https:\/\/mayshow.vn\/vi\/wp-json\/wp\/v2\/pages\/32851\/page\/2\/\">Next \u00bb<\/a>\t\t\t<\/nav>\r\n\t\t\t\t\t<\/div>\r\n\t\t\t\t\t\t\t<\/div>\n\t\t\t\t<\/div>\n\t\t\t\t<div class=\"elementor-element elementor-element-4d5c104 elementor-widget elementor-widget-html\" data-id=\"4d5c104\" data-element_type=\"widget\" data-widget_type=\"html.default\">\n\t\t\t\t<div class=\"elementor-widget-container\">\n\t\t\t\t\t<style>\r\n\/* Ghi \u0111\u00e8 rule c\u1ee7a Premium Addons *\/\r\n.premium-blog-even .premium-blog-post-container{\r\n    \/* b\u1ecf height:100% b\u1eb1ng c\u00e1ch \u0111\u1eb7t l\u1ea1i gi\u00e1 tr\u1ecb *\/\r\n    height: auto !important;   \/* ho\u1eb7c d\u00f9ng unset \/ initial *\/\r\n}\r\n<\/style>\t\t\t\t<\/div>\n\t\t\t\t<\/div>\n\t\t\t\t\t<\/div>\n\t\t<\/div>\n\t\t\t\t\t<\/div>\n\t\t<\/section>\n\t\t\t\t<\/div>\n\t\t","protected":false},"excerpt":{"rendered":"<p>N\u00d3N L\u00c1 &#8211; VIETNAM FESTIVAL: H\u00e0nh tr\u00ecnh kh\u00e1m ph\u00e1 di s\u1ea3n gi\u1eefa non n\u01b0\u1edbc Ninh B\u00ecnh v\u00e0 H\u00e0 Nam May Show N\u00d3N L\u00c1 &#8211; VIETNAM FESTIVAL: H\u00e0nh tr\u00ecnh kh\u00e1m ph\u00e1 di s\u1ea3n gi\u1eefa non n\u01b0\u1edbc Ninh B\u00ecnh v\u00e0 H\u00e0 Nam Th\u1ea3o D\u01b0\u01a1ng \u2022 27\/03\/2025 \u2022 No Comments N\u00d3N L\u00c1 &#8211; VIETNAM FESTIVAL: H\u00e0nh tr\u00ecnh kh\u00e1m [&hellip;]<\/p>\n","protected":false},"author":1231,"featured_media":25591,"parent":0,"menu_order":0,"comment_status":"closed","ping_status":"closed","template":"elementor_header_footer","meta":{"footnotes":""},"class_list":["post-32851","page","type-page","status-publish","has-post-thumbnail","hentry"],"yoast_head":"<!-- This site is optimized with the Yoast SEO plugin v24.7 - https:\/\/yoast.com\/wordpress\/plugins\/seo\/ -->\n<title>Tin t\u1ee9c - MAY Heritage<\/title>\n<meta name=\"robots\" content=\"index, follow, max-snippet:-1, max-image-preview:large, max-video-preview:-1\" \/>\n<link rel=\"canonical\" href=\"https:\/\/mayshow.vn\/vi\/tin-tuc\/\" \/>\n<meta property=\"og:locale\" content=\"vi_VN\" \/>\n<meta property=\"og:type\" content=\"article\" \/>\n<meta property=\"og:title\" content=\"Tin t\u1ee9c - MAY Heritage\" \/>\n<meta property=\"og:description\" content=\"N\u00d3N L\u00c1 &#8211; VIETNAM FESTIVAL: H\u00e0nh tr\u00ecnh kh\u00e1m ph\u00e1 di s\u1ea3n gi\u1eefa non n\u01b0\u1edbc Ninh B\u00ecnh v\u00e0 H\u00e0 Nam May Show N\u00d3N L\u00c1 &#8211; VIETNAM FESTIVAL: H\u00e0nh tr\u00ecnh kh\u00e1m ph\u00e1 di s\u1ea3n gi\u1eefa non n\u01b0\u1edbc Ninh B\u00ecnh v\u00e0 H\u00e0 Nam Th\u1ea3o D\u01b0\u01a1ng \u2022 27\/03\/2025 \u2022 No Comments N\u00d3N L\u00c1 &#8211; VIETNAM FESTIVAL: H\u00e0nh tr\u00ecnh kh\u00e1m [&hellip;]\" \/>\n<meta property=\"og:url\" content=\"https:\/\/mayshow.vn\/vi\/tin-tuc\/\" \/>\n<meta property=\"og:site_name\" content=\"MAY Heritage\" \/>\n<meta property=\"article:publisher\" content=\"https:\/\/www.facebook.com\/mayheritagevn\" \/>\n<meta property=\"article:modified_time\" content=\"2025-04-25T11:27:32+00:00\" \/>\n<meta property=\"og:image\" content=\"https:\/\/mayshow.vn\/wp-content\/uploads\/2025\/03\/AVT-2-2.jpg\" \/>\n\t<meta property=\"og:image:width\" content=\"512\" \/>\n\t<meta property=\"og:image:height\" content=\"512\" \/>\n\t<meta property=\"og:image:type\" content=\"image\/jpeg\" \/>\n<meta name=\"twitter:card\" content=\"summary_large_image\" \/>\n<meta name=\"twitter:label1\" content=\"\u01af\u1edbc t\u00ednh th\u1eddi gian \u0111\u1ecdc\" \/>\n\t<meta name=\"twitter:data1\" content=\"3 ph\u00fat\" \/>\n<script type=\"application\/ld+json\" class=\"yoast-schema-graph\">{\"@context\":\"https:\/\/schema.org\",\"@graph\":[{\"@type\":\"WebPage\",\"@id\":\"https:\/\/mayshow.vn\/tin-tuc\/\",\"url\":\"https:\/\/mayshow.vn\/tin-tuc\/\",\"name\":\"Tin t\u1ee9c - MAY Heritage\",\"isPartOf\":{\"@id\":\"https:\/\/mayshow.vn\/#website\"},\"primaryImageOfPage\":{\"@id\":\"https:\/\/mayshow.vn\/tin-tuc\/#primaryimage\"},\"image\":{\"@id\":\"https:\/\/mayshow.vn\/tin-tuc\/#primaryimage\"},\"thumbnailUrl\":\"https:\/\/mayshow.vn\/wp-content\/uploads\/2025\/03\/AVT-2-2.jpg\",\"datePublished\":\"2025-04-25T09:09:26+00:00\",\"dateModified\":\"2025-04-25T11:27:32+00:00\",\"breadcrumb\":{\"@id\":\"https:\/\/mayshow.vn\/tin-tuc\/#breadcrumb\"},\"inLanguage\":\"vi\",\"potentialAction\":[{\"@type\":\"ReadAction\",\"target\":[\"https:\/\/mayshow.vn\/tin-tuc\/\"]}]},{\"@type\":\"ImageObject\",\"inLanguage\":\"vi\",\"@id\":\"https:\/\/mayshow.vn\/tin-tuc\/#primaryimage\",\"url\":\"https:\/\/mayshow.vn\/wp-content\/uploads\/2025\/03\/AVT-2-2.jpg\",\"contentUrl\":\"https:\/\/mayshow.vn\/wp-content\/uploads\/2025\/03\/AVT-2-2.jpg\",\"width\":512,\"height\":512},{\"@type\":\"BreadcrumbList\",\"@id\":\"https:\/\/mayshow.vn\/tin-tuc\/#breadcrumb\",\"itemListElement\":[{\"@type\":\"ListItem\",\"position\":1,\"name\":\"Trang ch\u1ee7\",\"item\":\"https:\/\/mayshow.vn\/\"},{\"@type\":\"ListItem\",\"position\":2,\"name\":\"Tin t\u1ee9c\"}]},{\"@type\":\"WebSite\",\"@id\":\"https:\/\/mayshow.vn\/#website\",\"url\":\"https:\/\/mayshow.vn\/\",\"name\":\"MAY Heritage\",\"description\":\"Chu\u1ed7i ch\u01b0\u01a1ng tr\u00ecnh tr\u1ea3i nghi\u1ec7m \u00c2m Nh\u1ea1c - V\u0103n H\u00f3a - Du L\u1ecbch\",\"publisher\":{\"@id\":\"https:\/\/mayshow.vn\/#organization\"},\"potentialAction\":[{\"@type\":\"SearchAction\",\"target\":{\"@type\":\"EntryPoint\",\"urlTemplate\":\"https:\/\/mayshow.vn\/?s={search_term_string}\"},\"query-input\":{\"@type\":\"PropertyValueSpecification\",\"valueRequired\":true,\"valueName\":\"search_term_string\"}}],\"inLanguage\":\"vi\"},{\"@type\":\"Organization\",\"@id\":\"https:\/\/mayshow.vn\/#organization\",\"name\":\"MAY Heritage\",\"url\":\"https:\/\/mayshow.vn\/\",\"logo\":{\"@type\":\"ImageObject\",\"inLanguage\":\"vi\",\"@id\":\"https:\/\/mayshow.vn\/#\/schema\/logo\/image\/\",\"url\":\"https:\/\/mayshow.vn\/wp-content\/uploads\/2025\/03\/AVT-2_resize.jpg\",\"contentUrl\":\"https:\/\/mayshow.vn\/wp-content\/uploads\/2025\/03\/AVT-2_resize.jpg\",\"width\":450,\"height\":209,\"caption\":\"MAY Heritage\"},\"image\":{\"@id\":\"https:\/\/mayshow.vn\/#\/schema\/logo\/image\/\"},\"sameAs\":[\"https:\/\/www.facebook.com\/mayheritagevn\",\"https:\/\/www.tiktok.com\/@mayshow.vn\"]}]}<\/script>\n<!-- \/ Yoast SEO plugin. -->","yoast_head_json":{"title":"Tin t\u1ee9c - MAY Heritage","robots":{"index":"index","follow":"follow","max-snippet":"max-snippet:-1","max-image-preview":"max-image-preview:large","max-video-preview":"max-video-preview:-1"},"canonical":"https:\/\/mayshow.vn\/vi\/tin-tuc\/","og_locale":"vi_VN","og_type":"article","og_title":"Tin t\u1ee9c - MAY Heritage","og_description":"N\u00d3N L\u00c1 &#8211; VIETNAM FESTIVAL: H\u00e0nh tr\u00ecnh kh\u00e1m ph\u00e1 di s\u1ea3n gi\u1eefa non n\u01b0\u1edbc Ninh B\u00ecnh v\u00e0 H\u00e0 Nam May Show N\u00d3N L\u00c1 &#8211; VIETNAM FESTIVAL: H\u00e0nh tr\u00ecnh kh\u00e1m ph\u00e1 di s\u1ea3n gi\u1eefa non n\u01b0\u1edbc Ninh B\u00ecnh v\u00e0 H\u00e0 Nam Th\u1ea3o D\u01b0\u01a1ng \u2022 27\/03\/2025 \u2022 No Comments N\u00d3N L\u00c1 &#8211; VIETNAM FESTIVAL: H\u00e0nh tr\u00ecnh kh\u00e1m [&hellip;]","og_url":"https:\/\/mayshow.vn\/vi\/tin-tuc\/","og_site_name":"MAY Heritage","article_publisher":"https:\/\/www.facebook.com\/mayheritagevn","article_modified_time":"2025-04-25T11:27:32+00:00","og_image":[{"width":512,"height":512,"url":"https:\/\/mayshow.vn\/wp-content\/uploads\/2025\/03\/AVT-2-2.jpg","type":"image\/jpeg"}],"twitter_card":"summary_large_image","twitter_misc":{"\u01af\u1edbc t\u00ednh th\u1eddi gian \u0111\u1ecdc":"3 ph\u00fat"},"schema":{"@context":"https:\/\/schema.org","@graph":[{"@type":"WebPage","@id":"https:\/\/mayshow.vn\/tin-tuc\/","url":"https:\/\/mayshow.vn\/tin-tuc\/","name":"Tin t\u1ee9c - MAY Heritage","isPartOf":{"@id":"https:\/\/mayshow.vn\/#website"},"primaryImageOfPage":{"@id":"https:\/\/mayshow.vn\/tin-tuc\/#primaryimage"},"image":{"@id":"https:\/\/mayshow.vn\/tin-tuc\/#primaryimage"},"thumbnailUrl":"https:\/\/mayshow.vn\/wp-content\/uploads\/2025\/03\/AVT-2-2.jpg","datePublished":"2025-04-25T09:09:26+00:00","dateModified":"2025-04-25T11:27:32+00:00","breadcrumb":{"@id":"https:\/\/mayshow.vn\/tin-tuc\/#breadcrumb"},"inLanguage":"vi","potentialAction":[{"@type":"ReadAction","target":["https:\/\/mayshow.vn\/tin-tuc\/"]}]},{"@type":"ImageObject","inLanguage":"vi","@id":"https:\/\/mayshow.vn\/tin-tuc\/#primaryimage","url":"https:\/\/mayshow.vn\/wp-content\/uploads\/2025\/03\/AVT-2-2.jpg","contentUrl":"https:\/\/mayshow.vn\/wp-content\/uploads\/2025\/03\/AVT-2-2.jpg","width":512,"height":512},{"@type":"BreadcrumbList","@id":"https:\/\/mayshow.vn\/tin-tuc\/#breadcrumb","itemListElement":[{"@type":"ListItem","position":1,"name":"Trang ch\u1ee7","item":"https:\/\/mayshow.vn\/"},{"@type":"ListItem","position":2,"name":"Tin t\u1ee9c"}]},{"@type":"WebSite","@id":"https:\/\/mayshow.vn\/#website","url":"https:\/\/mayshow.vn\/","name":"MAY Heritage","description":"Chu\u1ed7i ch\u01b0\u01a1ng tr\u00ecnh tr\u1ea3i nghi\u1ec7m \u00c2m Nh\u1ea1c - V\u0103n H\u00f3a - Du L\u1ecbch","publisher":{"@id":"https:\/\/mayshow.vn\/#organization"},"potentialAction":[{"@type":"SearchAction","target":{"@type":"EntryPoint","urlTemplate":"https:\/\/mayshow.vn\/?s={search_term_string}"},"query-input":{"@type":"PropertyValueSpecification","valueRequired":true,"valueName":"search_term_string"}}],"inLanguage":"vi"},{"@type":"Organization","@id":"https:\/\/mayshow.vn\/#organization","name":"MAY Heritage","url":"https:\/\/mayshow.vn\/","logo":{"@type":"ImageObject","inLanguage":"vi","@id":"https:\/\/mayshow.vn\/#\/schema\/logo\/image\/","url":"https:\/\/mayshow.vn\/wp-content\/uploads\/2025\/03\/AVT-2_resize.jpg","contentUrl":"https:\/\/mayshow.vn\/wp-content\/uploads\/2025\/03\/AVT-2_resize.jpg","width":450,"height":209,"caption":"MAY Heritage"},"image":{"@id":"https:\/\/mayshow.vn\/#\/schema\/logo\/image\/"},"sameAs":["https:\/\/www.facebook.com\/mayheritagevn","https:\/\/www.tiktok.com\/@mayshow.vn"]}]}},"_links":{"self":[{"href":"https:\/\/mayshow.vn\/vi\/wp-json\/wp\/v2\/pages\/32851","targetHints":{"allow":["GET"]}}],"collection":[{"href":"https:\/\/mayshow.vn\/vi\/wp-json\/wp\/v2\/pages"}],"about":[{"href":"https:\/\/mayshow.vn\/vi\/wp-json\/wp\/v2\/types\/page"}],"author":[{"embeddable":true,"href":"https:\/\/mayshow.vn\/vi\/wp-json\/wp\/v2\/users\/1231"}],"replies":[{"embeddable":true,"href":"https:\/\/mayshow.vn\/vi\/wp-json\/wp\/v2\/comments?post=32851"}],"version-history":[{"count":28,"href":"https:\/\/mayshow.vn\/vi\/wp-json\/wp\/v2\/pages\/32851\/revisions"}],"predecessor-version":[{"id":32963,"href":"https:\/\/mayshow.vn\/vi\/wp-json\/wp\/v2\/pages\/32851\/revisions\/32963"}],"wp:featuredmedia":[{"embeddable":true,"href":"https:\/\/mayshow.vn\/vi\/wp-json\/wp\/v2\/media\/25591"}],"wp:attachment":[{"href":"https:\/\/mayshow.vn\/vi\/wp-json\/wp\/v2\/media?parent=32851"}],"curies":[{"name":"wp","href":"https:\/\/api.w.org\/{rel}","templated":true}]}}