{"id":332,"date":"2019-07-02T09:38:45","date_gmt":"2019-07-02T09:38:45","guid":{"rendered":"https:\/\/mayshow.vn\/member-login\/"},"modified":"2025-04-02T09:35:20","modified_gmt":"2025-04-02T02:35:20","slug":"dang-nhap","status":"publish","type":"page","link":"https:\/\/mayshow.vn\/vi\/dang-nhap\/","title":{"rendered":"\u0110\u0103ng nh\u1eadp"},"content":{"rendered":"\t\t<div data-elementor-type=\"wp-post\" data-elementor-id=\"332\" class=\"elementor elementor-332\">\n\t\t\t\t\t\t<section class=\"elementor-section elementor-top-section elementor-element elementor-element-e297020 elementor-section-boxed elementor-section-height-default elementor-section-height-default\" data-id=\"e297020\" data-element_type=\"section\">\n\t\t\t\t\t\t<div class=\"elementor-container elementor-column-gap-default\">\n\t\t\t\t\t<div class=\"elementor-column elementor-col-100 elementor-top-column elementor-element elementor-element-200ba185\" data-id=\"200ba185\" data-element_type=\"column\">\n\t\t\t<div class=\"elementor-widget-wrap elementor-element-populated\">\n\t\t\t\t\t\t<div class=\"elementor-element elementor-element-c490005 elementor-widget elementor-widget-shortcode\" data-id=\"c490005\" data-element_type=\"widget\" data-widget_type=\"shortcode.default\">\n\t\t\t\t<div class=\"elementor-widget-container\">\n\t\t\t\t\t\t\t<div class=\"elementor-shortcode\">\n<div class=\"ova-login-form-container\">\n\n\t\n\t\t\n\t\t\n\t\t\n\t\t<!-- Show notification reset passsword in email -->\n\t\t\t\n\n\t\t<!-- Show notification password updated -->\n\t\t\n\n\t\t<!-- Show logged out message if user just logged out -->\n\t\t\n\n\t\t<!-- Show errors if there are any -->\n\t\t\n\t\n\n\t\t<h3 class=\"title\">\u0110\u0103ng nh\u1eadp<\/h3>\n\t<div class=\"login-form-container\">\n\t\t<form name=\"loginform\" id=\"loginform\" action=\"https:\/\/mayshow.vn\/wp-login.php\" method=\"post\"><p class=\"login-username\">\n\t\t\t\t<label for=\"user_login\">Email<\/label>\n\t\t\t\t<input type=\"text\" name=\"log\" id=\"user_login\" autocomplete=\"username\" class=\"input\" value=\"\" size=\"20\" \/>\n\t\t\t<\/p><p class=\"login-password\">\n\t\t\t\t<label for=\"user_pass\">M\u1eadt kh\u1ea9u<\/label>\n\t\t\t\t<input type=\"password\" name=\"pwd\" id=\"user_pass\" autocomplete=\"current-password\" spellcheck=\"false\" class=\"input\" value=\"\" size=\"20\" \/>\n\t\t\t<\/p><p class=\"login-remember\"><label><input name=\"rememberme\" type=\"checkbox\" id=\"rememberme\" value=\"forever\" \/> L\u01b0u \u0111\u0103ng nh\u1eadp<\/label><\/p><p class=\"login-submit\">\n\t\t\t\t<input type=\"submit\" name=\"wp-submit\" id=\"wp-submit\" class=\"button button-primary\" value=\"\u0110\u0103ng nh\u1eadp\" \/>\n\t\t\t\t<input type=\"hidden\" name=\"redirect_to\" value=\"https:\/\/mayshow.vn\/vi\/\" \/>\n\t\t\t<\/p><\/form>\t<\/div>\n\t\t<a href=\"https:\/\/mayshow.vn\/vi\/dang-ky\/\" class=\"forgot-password\">\n\t\t\u0110\u0103ng k\u00fd\t<\/a> \n\t<span class=\"slash\">|<\/span>\n\t<a class=\"forgot-password\" href=\"https:\/\/mayshow.vn\/vi\/quen-mat-khau\/\">\n\t\tQu\u00ean m\u1eadt kh\u1ea9u?\t<\/a>\n\n\t\n<\/div>\n\n<\/div>\n\t\t\t\t\t\t<\/div>\n\t\t\t\t<\/div>\n\t\t\t\t\t<\/div>\n\t\t<\/div>\n\t\t\t\t\t<\/div>\n\t\t<\/section>\n\t\t\t\t<\/div>\n\t\t","protected":false},"excerpt":{"rendered":"","protected":false},"author":1,"featured_media":25591,"parent":0,"menu_order":0,"comment_status":"closed","ping_status":"closed","template":"elementor_header_footer","meta":{"footnotes":""},"class_list":["post-332","page","type-page","status-publish","has-post-thumbnail","hentry"],"yoast_head":"<!-- This site is optimized with the Yoast SEO plugin v24.7 - https:\/\/yoast.com\/wordpress\/plugins\/seo\/ -->\n<title>\u0110\u0103ng nh\u1eadp - May Heritage<\/title>\n<meta name=\"description\" content=\"\u0110\u0103ng nh\u1eadp v\u00e0o May Heritage. \u0110\u1eb7t v\u00e9 v\u00e0 ho\u00e0 m\u00ecnh v\u00e0o c\u00e1c ch\u01b0\u01a1ng tr\u00ecnh ngh\u1ec7 thu\u1eadt \u0111\u1ec9nh cao, mang t\u1edbi nh\u1eefng tr\u1ea3i nghi\u1ec7m kh\u00e1c bi\u1ec7t.\" \/>\n<meta name=\"robots\" content=\"index, follow, max-snippet:-1, max-image-preview:large, max-video-preview:-1\" \/>\n<link rel=\"canonical\" href=\"https:\/\/mayshow.vn\/vi\/dang-nhap\/\" \/>\n<meta property=\"og:locale\" content=\"vi_VN\" \/>\n<meta property=\"og:type\" content=\"article\" \/>\n<meta property=\"og:title\" content=\"\u0110\u0103ng nh\u1eadp - May Heritage\" \/>\n<meta property=\"og:description\" content=\"\u0110\u0103ng nh\u1eadp v\u00e0o May Heritage. \u0110\u1eb7t v\u00e9 v\u00e0 ho\u00e0 m\u00ecnh v\u00e0o c\u00e1c ch\u01b0\u01a1ng tr\u00ecnh ngh\u1ec7 thu\u1eadt \u0111\u1ec9nh cao, mang t\u1edbi nh\u1eefng tr\u1ea3i nghi\u1ec7m kh\u00e1c bi\u1ec7t.\" \/>\n<meta property=\"og:url\" content=\"https:\/\/mayshow.vn\/vi\/dang-nhap\/\" \/>\n<meta property=\"og:site_name\" content=\"MAY Heritage\" \/>\n<meta property=\"article:publisher\" content=\"https:\/\/www.facebook.com\/mayheritagevn\" \/>\n<meta property=\"article:modified_time\" content=\"2025-04-02T02:35:20+00:00\" \/>\n<meta property=\"og:image\" content=\"https:\/\/mayshow.vn\/wp-content\/uploads\/2025\/03\/AVT-2-2.jpg\" \/>\n\t<meta property=\"og:image:width\" content=\"512\" \/>\n\t<meta property=\"og:image:height\" content=\"512\" \/>\n\t<meta property=\"og:image:type\" content=\"image\/jpeg\" \/>\n<meta name=\"twitter:card\" content=\"summary_large_image\" \/>\n<meta name=\"twitter:label1\" content=\"\u01af\u1edbc t\u00ednh th\u1eddi gian \u0111\u1ecdc\" \/>\n\t<meta name=\"twitter:data1\" content=\"1 ph\u00fat\" \/>\n<script type=\"application\/ld+json\" class=\"yoast-schema-graph\">{\"@context\":\"https:\/\/schema.org\",\"@graph\":[{\"@type\":\"WebPage\",\"@id\":\"https:\/\/mayshow.vn\/dang-nhap\/\",\"url\":\"https:\/\/mayshow.vn\/dang-nhap\/\",\"name\":\"\u0110\u0103ng nh\u1eadp - May Heritage\",\"isPartOf\":{\"@id\":\"https:\/\/mayshow.vn\/#website\"},\"primaryImageOfPage\":{\"@id\":\"https:\/\/mayshow.vn\/dang-nhap\/#primaryimage\"},\"image\":{\"@id\":\"https:\/\/mayshow.vn\/dang-nhap\/#primaryimage\"},\"thumbnailUrl\":\"https:\/\/mayshow.vn\/wp-content\/uploads\/2025\/03\/AVT-2-2.jpg\",\"datePublished\":\"2019-07-02T09:38:45+00:00\",\"dateModified\":\"2025-04-02T02:35:20+00:00\",\"description\":\"\u0110\u0103ng nh\u1eadp v\u00e0o May Heritage. \u0110\u1eb7t v\u00e9 v\u00e0 ho\u00e0 m\u00ecnh v\u00e0o c\u00e1c ch\u01b0\u01a1ng tr\u00ecnh ngh\u1ec7 thu\u1eadt \u0111\u1ec9nh cao, mang t\u1edbi nh\u1eefng tr\u1ea3i nghi\u1ec7m kh\u00e1c bi\u1ec7t.\",\"breadcrumb\":{\"@id\":\"https:\/\/mayshow.vn\/dang-nhap\/#breadcrumb\"},\"inLanguage\":\"vi\",\"potentialAction\":[{\"@type\":\"ReadAction\",\"target\":[\"https:\/\/mayshow.vn\/dang-nhap\/\"]}]},{\"@type\":\"ImageObject\",\"inLanguage\":\"vi\",\"@id\":\"https:\/\/mayshow.vn\/dang-nhap\/#primaryimage\",\"url\":\"https:\/\/mayshow.vn\/wp-content\/uploads\/2025\/03\/AVT-2-2.jpg\",\"contentUrl\":\"https:\/\/mayshow.vn\/wp-content\/uploads\/2025\/03\/AVT-2-2.jpg\",\"width\":512,\"height\":512},{\"@type\":\"BreadcrumbList\",\"@id\":\"https:\/\/mayshow.vn\/dang-nhap\/#breadcrumb\",\"itemListElement\":[{\"@type\":\"ListItem\",\"position\":1,\"name\":\"Trang ch\u1ee7\",\"item\":\"https:\/\/mayshow.vn\/\"},{\"@type\":\"ListItem\",\"position\":2,\"name\":\"\u0110\u0103ng nh\u1eadp\"}]},{\"@type\":\"WebSite\",\"@id\":\"https:\/\/mayshow.vn\/#website\",\"url\":\"https:\/\/mayshow.vn\/\",\"name\":\"MAY Heritage\",\"description\":\"Chu\u1ed7i ch\u01b0\u01a1ng tr\u00ecnh tr\u1ea3i nghi\u1ec7m \u00c2m Nh\u1ea1c - V\u0103n H\u00f3a - Du L\u1ecbch\",\"publisher\":{\"@id\":\"https:\/\/mayshow.vn\/#organization\"},\"potentialAction\":[{\"@type\":\"SearchAction\",\"target\":{\"@type\":\"EntryPoint\",\"urlTemplate\":\"https:\/\/mayshow.vn\/?s={search_term_string}\"},\"query-input\":{\"@type\":\"PropertyValueSpecification\",\"valueRequired\":true,\"valueName\":\"search_term_string\"}}],\"inLanguage\":\"vi\"},{\"@type\":\"Organization\",\"@id\":\"https:\/\/mayshow.vn\/#organization\",\"name\":\"MAY Heritage\",\"url\":\"https:\/\/mayshow.vn\/\",\"logo\":{\"@type\":\"ImageObject\",\"inLanguage\":\"vi\",\"@id\":\"https:\/\/mayshow.vn\/#\/schema\/logo\/image\/\",\"url\":\"https:\/\/mayshow.vn\/wp-content\/uploads\/2025\/03\/AVT-2_resize.jpg\",\"contentUrl\":\"https:\/\/mayshow.vn\/wp-content\/uploads\/2025\/03\/AVT-2_resize.jpg\",\"width\":450,\"height\":209,\"caption\":\"MAY Heritage\"},\"image\":{\"@id\":\"https:\/\/mayshow.vn\/#\/schema\/logo\/image\/\"},\"sameAs\":[\"https:\/\/www.facebook.com\/mayheritagevn\",\"https:\/\/www.tiktok.com\/@mayshow.vn\"]}]}<\/script>\n<!-- \/ Yoast SEO plugin. -->","yoast_head_json":{"title":"\u0110\u0103ng nh\u1eadp - May Heritage","description":"\u0110\u0103ng nh\u1eadp v\u00e0o May Heritage. \u0110\u1eb7t v\u00e9 v\u00e0 ho\u00e0 m\u00ecnh v\u00e0o c\u00e1c ch\u01b0\u01a1ng tr\u00ecnh ngh\u1ec7 thu\u1eadt \u0111\u1ec9nh cao, mang t\u1edbi nh\u1eefng tr\u1ea3i nghi\u1ec7m kh\u00e1c bi\u1ec7t.","robots":{"index":"index","follow":"follow","max-snippet":"max-snippet:-1","max-image-preview":"max-image-preview:large","max-video-preview":"max-video-preview:-1"},"canonical":"https:\/\/mayshow.vn\/vi\/dang-nhap\/","og_locale":"vi_VN","og_type":"article","og_title":"\u0110\u0103ng nh\u1eadp - May Heritage","og_description":"\u0110\u0103ng nh\u1eadp v\u00e0o May Heritage. \u0110\u1eb7t v\u00e9 v\u00e0 ho\u00e0 m\u00ecnh v\u00e0o c\u00e1c ch\u01b0\u01a1ng tr\u00ecnh ngh\u1ec7 thu\u1eadt \u0111\u1ec9nh cao, mang t\u1edbi nh\u1eefng tr\u1ea3i nghi\u1ec7m kh\u00e1c bi\u1ec7t.","og_url":"https:\/\/mayshow.vn\/vi\/dang-nhap\/","og_site_name":"MAY Heritage","article_publisher":"https:\/\/www.facebook.com\/mayheritagevn","article_modified_time":"2025-04-02T02:35:20+00:00","og_image":[{"width":512,"height":512,"url":"https:\/\/mayshow.vn\/wp-content\/uploads\/2025\/03\/AVT-2-2.jpg","type":"image\/jpeg"}],"twitter_card":"summary_large_image","twitter_misc":{"\u01af\u1edbc t\u00ednh th\u1eddi gian \u0111\u1ecdc":"1 ph\u00fat"},"schema":{"@context":"https:\/\/schema.org","@graph":[{"@type":"WebPage","@id":"https:\/\/mayshow.vn\/dang-nhap\/","url":"https:\/\/mayshow.vn\/dang-nhap\/","name":"\u0110\u0103ng nh\u1eadp - May Heritage","isPartOf":{"@id":"https:\/\/mayshow.vn\/#website"},"primaryImageOfPage":{"@id":"https:\/\/mayshow.vn\/dang-nhap\/#primaryimage"},"image":{"@id":"https:\/\/mayshow.vn\/dang-nhap\/#primaryimage"},"thumbnailUrl":"https:\/\/mayshow.vn\/wp-content\/uploads\/2025\/03\/AVT-2-2.jpg","datePublished":"2019-07-02T09:38:45+00:00","dateModified":"2025-04-02T02:35:20+00:00","description":"\u0110\u0103ng nh\u1eadp v\u00e0o May Heritage. \u0110\u1eb7t v\u00e9 v\u00e0 ho\u00e0 m\u00ecnh v\u00e0o c\u00e1c ch\u01b0\u01a1ng tr\u00ecnh ngh\u1ec7 thu\u1eadt \u0111\u1ec9nh cao, mang t\u1edbi nh\u1eefng tr\u1ea3i nghi\u1ec7m kh\u00e1c bi\u1ec7t.","breadcrumb":{"@id":"https:\/\/mayshow.vn\/dang-nhap\/#breadcrumb"},"inLanguage":"vi","potentialAction":[{"@type":"ReadAction","target":["https:\/\/mayshow.vn\/dang-nhap\/"]}]},{"@type":"ImageObject","inLanguage":"vi","@id":"https:\/\/mayshow.vn\/dang-nhap\/#primaryimage","url":"https:\/\/mayshow.vn\/wp-content\/uploads\/2025\/03\/AVT-2-2.jpg","contentUrl":"https:\/\/mayshow.vn\/wp-content\/uploads\/2025\/03\/AVT-2-2.jpg","width":512,"height":512},{"@type":"BreadcrumbList","@id":"https:\/\/mayshow.vn\/dang-nhap\/#breadcrumb","itemListElement":[{"@type":"ListItem","position":1,"name":"Trang ch\u1ee7","item":"https:\/\/mayshow.vn\/"},{"@type":"ListItem","position":2,"name":"\u0110\u0103ng nh\u1eadp"}]},{"@type":"WebSite","@id":"https:\/\/mayshow.vn\/#website","url":"https:\/\/mayshow.vn\/","name":"MAY Heritage","description":"Chu\u1ed7i ch\u01b0\u01a1ng tr\u00ecnh tr\u1ea3i nghi\u1ec7m \u00c2m Nh\u1ea1c - V\u0103n H\u00f3a - Du L\u1ecbch","publisher":{"@id":"https:\/\/mayshow.vn\/#organization"},"potentialAction":[{"@type":"SearchAction","target":{"@type":"EntryPoint","urlTemplate":"https:\/\/mayshow.vn\/?s={search_term_string}"},"query-input":{"@type":"PropertyValueSpecification","valueRequired":true,"valueName":"search_term_string"}}],"inLanguage":"vi"},{"@type":"Organization","@id":"https:\/\/mayshow.vn\/#organization","name":"MAY Heritage","url":"https:\/\/mayshow.vn\/","logo":{"@type":"ImageObject","inLanguage":"vi","@id":"https:\/\/mayshow.vn\/#\/schema\/logo\/image\/","url":"https:\/\/mayshow.vn\/wp-content\/uploads\/2025\/03\/AVT-2_resize.jpg","contentUrl":"https:\/\/mayshow.vn\/wp-content\/uploads\/2025\/03\/AVT-2_resize.jpg","width":450,"height":209,"caption":"MAY Heritage"},"image":{"@id":"https:\/\/mayshow.vn\/#\/schema\/logo\/image\/"},"sameAs":["https:\/\/www.facebook.com\/mayheritagevn","https:\/\/www.tiktok.com\/@mayshow.vn"]}]}},"_links":{"self":[{"href":"https:\/\/mayshow.vn\/vi\/wp-json\/wp\/v2\/pages\/332","targetHints":{"allow":["GET"]}}],"collection":[{"href":"https:\/\/mayshow.vn\/vi\/wp-json\/wp\/v2\/pages"}],"about":[{"href":"https:\/\/mayshow.vn\/vi\/wp-json\/wp\/v2\/types\/page"}],"author":[{"embeddable":true,"href":"https:\/\/mayshow.vn\/vi\/wp-json\/wp\/v2\/users\/1"}],"replies":[{"embeddable":true,"href":"https:\/\/mayshow.vn\/vi\/wp-json\/wp\/v2\/comments?post=332"}],"version-history":[{"count":1,"href":"https:\/\/mayshow.vn\/vi\/wp-json\/wp\/v2\/pages\/332\/revisions"}],"predecessor-version":[{"id":11253,"href":"https:\/\/mayshow.vn\/vi\/wp-json\/wp\/v2\/pages\/332\/revisions\/11253"}],"wp:featuredmedia":[{"embeddable":true,"href":"https:\/\/mayshow.vn\/vi\/wp-json\/wp\/v2\/media\/25591"}],"wp:attachment":[{"href":"https:\/\/mayshow.vn\/vi\/wp-json\/wp\/v2\/media?parent=332"}],"curies":[{"name":"wp","href":"https:\/\/api.w.org\/{rel}","templated":true}]}}